{"id":108,"date":"2023-08-28T20:15:07","date_gmt":"2023-08-28T20:15:07","guid":{"rendered":"https:\/\/vilavolta.com.br\/?page_id=108"},"modified":"2024-12-22T15:16:38","modified_gmt":"2024-12-22T15:16:38","slug":"casa-vermelha","status":"publish","type":"page","link":"https:\/\/vilavolta.com.br\/index.php\/casa-vermelha\/","title":{"rendered":"Casa Vermelha"},"content":{"rendered":"\n<p>Esta casa tem 2 su\u00edtes (1 no andar superior e 1 no t\u00e9rreo) e 1 apartamento tamb\u00e9m no t\u00e9rreo.<\/p>\n\n\n\n<p>A su\u00edte (quarto com banheiro) do andar superior \u00e9 a maior, com 50 m<sup>2<\/sup> e ampla varanda. <\/p>\n\n\n\n<figure class=\"wp-block-image aligncenter size-full is-resized\"><img decoding=\"async\" loading=\"lazy\" width=\"720\" height=\"539\" src=\"https:\/\/vilavolta.com.br\/wp-content\/uploads\/2023\/08\/FB_IMG_1693413405539.jpg\" alt=\"\" class=\"wp-image-164\" style=\"width:508px;height:380px\" srcset=\"https:\/\/vilavolta.com.br\/wp-content\/uploads\/2023\/08\/FB_IMG_1693413405539.jpg 720w, https:\/\/vilavolta.com.br\/wp-content\/uploads\/2023\/08\/FB_IMG_1693413405539-300x225.jpg 300w\" sizes=\"(max-width: 720px) 100vw, 720px\" \/><\/figure>\n\n\n\n<p class=\"has-text-align-center\"><strong>Su\u00edte<\/strong> andar superior<\/p>\n\n\n\n<p>Valor da di\u00e1ria: <strong _msttexthash=\"24063\" _msthash=\"328\">R$35<\/strong><strong _msttexthash=\"20800\" _msthash=\"328\">0,00<\/strong><font _mstmutation=\"1\" _msttexthash=\"827203\" _msthash=\"301\"> para 2 pessoas, com caf\u00e9 da manh\u00e3. <\/font><\/p>\n\n\n\n<figure class=\"wp-block-gallery has-nested-images columns-default is-cropped wp-block-gallery-1 is-layout-flex wp-block-gallery-is-layout-flex\">\n<figure class=\"wp-block-image size-large\"><img decoding=\"async\" loading=\"lazy\" width=\"1024\" height=\"768\" data-id=\"222\" src=\"https:\/\/vilavolta.com.br\/wp-content\/uploads\/2023\/09\/20230702_101354-Copia-1024x768.jpg\" alt=\"\" class=\"wp-image-222\" srcset=\"https:\/\/vilavolta.com.br\/wp-content\/uploads\/2023\/09\/20230702_101354-Copia-1024x768.jpg 1024w, https:\/\/vilavolta.com.br\/wp-content\/uploads\/2023\/09\/20230702_101354-Copia-300x225.jpg 300w, https:\/\/vilavolta.com.br\/wp-content\/uploads\/2023\/09\/20230702_101354-Copia-768x576.jpg 768w, https:\/\/vilavolta.com.br\/wp-content\/uploads\/2023\/09\/20230702_101354-Copia-1536x1152.jpg 1536w, https:\/\/vilavolta.com.br\/wp-content\/uploads\/2023\/09\/20230702_101354-Copia-2048x1536.jpg 2048w\" sizes=\"(max-width: 1024px) 100vw, 1024px\" \/><\/figure>\n\n\n\n<figure class=\"wp-block-image size-large\"><img decoding=\"async\" loading=\"lazy\" width=\"1024\" height=\"768\" data-id=\"226\" src=\"https:\/\/vilavolta.com.br\/wp-content\/uploads\/2023\/09\/20230702_101518-Copia-1024x768.jpg\" alt=\"\" class=\"wp-image-226\" srcset=\"https:\/\/vilavolta.com.br\/wp-content\/uploads\/2023\/09\/20230702_101518-Copia-1024x768.jpg 1024w, https:\/\/vilavolta.com.br\/wp-content\/uploads\/2023\/09\/20230702_101518-Copia-300x225.jpg 300w, https:\/\/vilavolta.com.br\/wp-content\/uploads\/2023\/09\/20230702_101518-Copia-768x576.jpg 768w, https:\/\/vilavolta.com.br\/wp-content\/uploads\/2023\/09\/20230702_101518-Copia-1536x1152.jpg 1536w, https:\/\/vilavolta.com.br\/wp-content\/uploads\/2023\/09\/20230702_101518-Copia-2048x1536.jpg 2048w\" sizes=\"(max-width: 1024px) 100vw, 1024px\" \/><\/figure>\n\n\n\n<figure class=\"wp-block-image size-large\"><img decoding=\"async\" loading=\"lazy\" width=\"1024\" height=\"768\" data-id=\"232\" src=\"https:\/\/vilavolta.com.br\/wp-content\/uploads\/2023\/09\/20230702_101723-1024x768.jpg\" alt=\"\" class=\"wp-image-232\" srcset=\"https:\/\/vilavolta.com.br\/wp-content\/uploads\/2023\/09\/20230702_101723-1024x768.jpg 1024w, https:\/\/vilavolta.com.br\/wp-content\/uploads\/2023\/09\/20230702_101723-300x225.jpg 300w, https:\/\/vilavolta.com.br\/wp-content\/uploads\/2023\/09\/20230702_101723-768x576.jpg 768w, https:\/\/vilavolta.com.br\/wp-content\/uploads\/2023\/09\/20230702_101723-1536x1152.jpg 1536w, https:\/\/vilavolta.com.br\/wp-content\/uploads\/2023\/09\/20230702_101723-2048x1536.jpg 2048w\" sizes=\"(max-width: 1024px) 100vw, 1024px\" \/><\/figure>\n\n\n\n<figure class=\"wp-block-image size-large\"><img decoding=\"async\" loading=\"lazy\" width=\"1024\" height=\"768\" data-id=\"233\" src=\"https:\/\/vilavolta.com.br\/wp-content\/uploads\/2023\/09\/20230702_101731-1024x768.jpg\" alt=\"\" class=\"wp-image-233\" srcset=\"https:\/\/vilavolta.com.br\/wp-content\/uploads\/2023\/09\/20230702_101731-1024x768.jpg 1024w, https:\/\/vilavolta.com.br\/wp-content\/uploads\/2023\/09\/20230702_101731-300x225.jpg 300w, https:\/\/vilavolta.com.br\/wp-content\/uploads\/2023\/09\/20230702_101731-768x576.jpg 768w, https:\/\/vilavolta.com.br\/wp-content\/uploads\/2023\/09\/20230702_101731-1536x1152.jpg 1536w, https:\/\/vilavolta.com.br\/wp-content\/uploads\/2023\/09\/20230702_101731-2048x1536.jpg 2048w\" sizes=\"(max-width: 1024px) 100vw, 1024px\" \/><\/figure>\n\n\n\n<figure class=\"wp-block-image size-large\"><img decoding=\"async\" loading=\"lazy\" width=\"1024\" height=\"768\" data-id=\"229\" src=\"https:\/\/vilavolta.com.br\/wp-content\/uploads\/2023\/09\/20230702_101700-Copia-1024x768.jpg\" alt=\"\" class=\"wp-image-229\" srcset=\"https:\/\/vilavolta.com.br\/wp-content\/uploads\/2023\/09\/20230702_101700-Copia-1024x768.jpg 1024w, https:\/\/vilavolta.com.br\/wp-content\/uploads\/2023\/09\/20230702_101700-Copia-300x225.jpg 300w, https:\/\/vilavolta.com.br\/wp-content\/uploads\/2023\/09\/20230702_101700-Copia-768x576.jpg 768w, https:\/\/vilavolta.com.br\/wp-content\/uploads\/2023\/09\/20230702_101700-Copia-1536x1152.jpg 1536w, https:\/\/vilavolta.com.br\/wp-content\/uploads\/2023\/09\/20230702_101700-Copia-2048x1536.jpg 2048w\" sizes=\"(max-width: 1024px) 100vw, 1024px\" \/><\/figure>\n\n\n\n<figure class=\"wp-block-image size-large\"><img decoding=\"async\" loading=\"lazy\" width=\"768\" height=\"1024\" data-id=\"224\" src=\"https:\/\/vilavolta.com.br\/wp-content\/uploads\/2023\/09\/20230702_101426-Copia-768x1024.jpg\" alt=\"\" class=\"wp-image-224\" srcset=\"https:\/\/vilavolta.com.br\/wp-content\/uploads\/2023\/09\/20230702_101426-Copia-768x1024.jpg 768w, https:\/\/vilavolta.com.br\/wp-content\/uploads\/2023\/09\/20230702_101426-Copia-225x300.jpg 225w, https:\/\/vilavolta.com.br\/wp-content\/uploads\/2023\/09\/20230702_101426-Copia-1152x1536.jpg 1152w, https:\/\/vilavolta.com.br\/wp-content\/uploads\/2023\/09\/20230702_101426-Copia-1536x2048.jpg 1536w, https:\/\/vilavolta.com.br\/wp-content\/uploads\/2023\/09\/20230702_101426-Copia-scaled.jpg 1920w\" sizes=\"(max-width: 768px) 100vw, 768px\" \/><\/figure>\n\n\n\n<figure class=\"wp-block-image size-large\"><img decoding=\"async\" loading=\"lazy\" width=\"779\" height=\"1024\" data-id=\"235\" src=\"https:\/\/vilavolta.com.br\/wp-content\/uploads\/2023\/09\/20230702_101810-779x1024.jpg\" alt=\"\" class=\"wp-image-235\" srcset=\"https:\/\/vilavolta.com.br\/wp-content\/uploads\/2023\/09\/20230702_101810-779x1024.jpg 779w, https:\/\/vilavolta.com.br\/wp-content\/uploads\/2023\/09\/20230702_101810-228x300.jpg 228w, https:\/\/vilavolta.com.br\/wp-content\/uploads\/2023\/09\/20230702_101810-768x1010.jpg 768w, https:\/\/vilavolta.com.br\/wp-content\/uploads\/2023\/09\/20230702_101810-1168x1536.jpg 1168w, https:\/\/vilavolta.com.br\/wp-content\/uploads\/2023\/09\/20230702_101810-1558x2048.jpg 1558w, https:\/\/vilavolta.com.br\/wp-content\/uploads\/2023\/09\/20230702_101810-scaled.jpg 1947w\" sizes=\"(max-width: 779px) 100vw, 779px\" \/><\/figure>\n\n\n\n<figure class=\"wp-block-image size-large\"><img decoding=\"async\" loading=\"lazy\" width=\"1024\" height=\"768\" data-id=\"234\" src=\"https:\/\/vilavolta.com.br\/wp-content\/uploads\/2023\/09\/20230702_101742-1024x768.jpg\" alt=\"\" class=\"wp-image-234\" srcset=\"https:\/\/vilavolta.com.br\/wp-content\/uploads\/2023\/09\/20230702_101742-1024x768.jpg 1024w, https:\/\/vilavolta.com.br\/wp-content\/uploads\/2023\/09\/20230702_101742-300x225.jpg 300w, https:\/\/vilavolta.com.br\/wp-content\/uploads\/2023\/09\/20230702_101742-768x576.jpg 768w, https:\/\/vilavolta.com.br\/wp-content\/uploads\/2023\/09\/20230702_101742-1536x1152.jpg 1536w, https:\/\/vilavolta.com.br\/wp-content\/uploads\/2023\/09\/20230702_101742-2048x1536.jpg 2048w\" sizes=\"(max-width: 1024px) 100vw, 1024px\" \/><\/figure>\n\n\n\n<figure class=\"wp-block-image size-large\"><img decoding=\"async\" loading=\"lazy\" width=\"1024\" height=\"768\" data-id=\"227\" src=\"https:\/\/vilavolta.com.br\/wp-content\/uploads\/2023\/09\/20230702_101530-Copia-1024x768.jpg\" alt=\"\" class=\"wp-image-227\" srcset=\"https:\/\/vilavolta.com.br\/wp-content\/uploads\/2023\/09\/20230702_101530-Copia-1024x768.jpg 1024w, https:\/\/vilavolta.com.br\/wp-content\/uploads\/2023\/09\/20230702_101530-Copia-300x225.jpg 300w, https:\/\/vilavolta.com.br\/wp-content\/uploads\/2023\/09\/20230702_101530-Copia-768x576.jpg 768w, https:\/\/vilavolta.com.br\/wp-content\/uploads\/2023\/09\/20230702_101530-Copia-1536x1152.jpg 1536w, https:\/\/vilavolta.com.br\/wp-content\/uploads\/2023\/09\/20230702_101530-Copia-2048x1536.jpg 2048w\" sizes=\"(max-width: 1024px) 100vw, 1024px\" \/><\/figure>\n<\/figure>\n\n\n\n<p class=\"has-text-align-center\"><strong>Su\u00edte<\/strong> no t\u00e9rreo, com varanda<\/p>\n\n\n\n<p><font _mstmutation=\"1\" _msttexthash=\"267553\" _msthash=\"389\">Valor da di\u00e1ria: <\/font><strong _msttexthash=\"11206\" _msthash=\"367\">R$<\/strong><strong _msttexthash=\"4641\" _msthash=\"396\">3<\/strong><strong _msttexthash=\"4368\" _msthash=\"398\">0<\/strong><strong _msttexthash=\"20800\" _msthash=\"367\">0,00<\/strong><font _mstmutation=\"1\" _msttexthash=\"827203\" _msthash=\"369\"> para 2 pessoas, com caf\u00e9 da manh\u00e3.<\/font><\/p>\n\n\n\n<figure class=\"wp-block-gallery has-nested-images columns-default is-cropped wp-block-gallery-3 is-layout-flex wp-block-gallery-is-layout-flex\">\n<figure class=\"wp-block-image size-large\"><img decoding=\"async\" loading=\"lazy\" width=\"1024\" height=\"768\" data-id=\"422\" src=\"https:\/\/vilavolta.com.br\/wp-content\/uploads\/2023\/09\/20230907_151603-m-1024x768.jpg\" alt=\"\" class=\"wp-image-422\" srcset=\"https:\/\/vilavolta.com.br\/wp-content\/uploads\/2023\/09\/20230907_151603-m-1024x768.jpg 1024w, https:\/\/vilavolta.com.br\/wp-content\/uploads\/2023\/09\/20230907_151603-m-300x225.jpg 300w, https:\/\/vilavolta.com.br\/wp-content\/uploads\/2023\/09\/20230907_151603-m-768x576.jpg 768w, https:\/\/vilavolta.com.br\/wp-content\/uploads\/2023\/09\/20230907_151603-m.jpg 1100w\" sizes=\"(max-width: 1024px) 100vw, 1024px\" \/><\/figure>\n\n\n\n<figure class=\"wp-block-image size-large\"><img decoding=\"async\" loading=\"lazy\" width=\"1024\" height=\"768\" data-id=\"421\" src=\"https:\/\/vilavolta.com.br\/wp-content\/uploads\/2023\/09\/20230907_151300-m-1024x768.jpg\" alt=\"\" class=\"wp-image-421\" srcset=\"https:\/\/vilavolta.com.br\/wp-content\/uploads\/2023\/09\/20230907_151300-m-1024x768.jpg 1024w, https:\/\/vilavolta.com.br\/wp-content\/uploads\/2023\/09\/20230907_151300-m-300x225.jpg 300w, https:\/\/vilavolta.com.br\/wp-content\/uploads\/2023\/09\/20230907_151300-m-768x576.jpg 768w, https:\/\/vilavolta.com.br\/wp-content\/uploads\/2023\/09\/20230907_151300-m.jpg 1100w\" sizes=\"(max-width: 1024px) 100vw, 1024px\" \/><\/figure>\n\n\n\n<figure class=\"wp-block-image size-large\"><img decoding=\"async\" loading=\"lazy\" width=\"1024\" height=\"768\" data-id=\"420\" src=\"https:\/\/vilavolta.com.br\/wp-content\/uploads\/2023\/09\/20230907_151120-m-1024x768.jpg\" alt=\"\" class=\"wp-image-420\" srcset=\"https:\/\/vilavolta.com.br\/wp-content\/uploads\/2023\/09\/20230907_151120-m-1024x768.jpg 1024w, https:\/\/vilavolta.com.br\/wp-content\/uploads\/2023\/09\/20230907_151120-m-300x225.jpg 300w, https:\/\/vilavolta.com.br\/wp-content\/uploads\/2023\/09\/20230907_151120-m-768x576.jpg 768w, https:\/\/vilavolta.com.br\/wp-content\/uploads\/2023\/09\/20230907_151120-m.jpg 1100w\" sizes=\"(max-width: 1024px) 100vw, 1024px\" \/><\/figure>\n\n\n\n<figure class=\"wp-block-image size-large\"><img decoding=\"async\" loading=\"lazy\" width=\"768\" height=\"1024\" data-id=\"419\" src=\"https:\/\/vilavolta.com.br\/wp-content\/uploads\/2023\/09\/20230907_150606-m-768x1024.jpg\" alt=\"\" class=\"wp-image-419\" srcset=\"https:\/\/vilavolta.com.br\/wp-content\/uploads\/2023\/09\/20230907_150606-m-768x1024.jpg 768w, https:\/\/vilavolta.com.br\/wp-content\/uploads\/2023\/09\/20230907_150606-m-225x300.jpg 225w, https:\/\/vilavolta.com.br\/wp-content\/uploads\/2023\/09\/20230907_150606-m.jpg 825w\" sizes=\"(max-width: 768px) 100vw, 768px\" \/><\/figure>\n\n\n\n<figure class=\"wp-block-image size-large\"><img decoding=\"async\" loading=\"lazy\" width=\"768\" height=\"1024\" data-id=\"418\" src=\"https:\/\/vilavolta.com.br\/wp-content\/uploads\/2023\/09\/20230907_150532-m-768x1024.jpg\" alt=\"\" class=\"wp-image-418\" srcset=\"https:\/\/vilavolta.com.br\/wp-content\/uploads\/2023\/09\/20230907_150532-m-768x1024.jpg 768w, https:\/\/vilavolta.com.br\/wp-content\/uploads\/2023\/09\/20230907_150532-m-225x300.jpg 225w, https:\/\/vilavolta.com.br\/wp-content\/uploads\/2023\/09\/20230907_150532-m.jpg 825w\" sizes=\"(max-width: 768px) 100vw, 768px\" \/><\/figure>\n\n\n\n<figure class=\"wp-block-image size-large\"><img decoding=\"async\" loading=\"lazy\" width=\"768\" height=\"1024\" data-id=\"417\" src=\"https:\/\/vilavolta.com.br\/wp-content\/uploads\/2023\/09\/20230907_150036-m-768x1024.jpg\" alt=\"\" class=\"wp-image-417\" srcset=\"https:\/\/vilavolta.com.br\/wp-content\/uploads\/2023\/09\/20230907_150036-m-768x1024.jpg 768w, https:\/\/vilavolta.com.br\/wp-content\/uploads\/2023\/09\/20230907_150036-m-225x300.jpg 225w, https:\/\/vilavolta.com.br\/wp-content\/uploads\/2023\/09\/20230907_150036-m.jpg 825w\" sizes=\"(max-width: 768px) 100vw, 768px\" \/><\/figure>\n<\/figure>\n\n\n\n<p class=\"has-text-align-center\"><strong>Apartamento<\/strong> no t\u00e9rreo, com cozinha equipada e varanda<\/p>\n\n\n\n<p>Valor da di\u00e1ria: <strong _msttexthash=\"23413\" _msthash=\"407\">R$30<\/strong><strong _msttexthash=\"20800\" _msthash=\"407\">0,00<\/strong><font _mstmutation=\"1\" _msttexthash=\"214071\" _msthash=\"409\"> para 2 pessoas.<\/font><\/p>\n\n\n\n<p>Ideal para estadias longas e independentes.<\/p>\n\n\n\n<figure class=\"wp-block-gallery has-nested-images columns-default is-cropped wp-block-gallery-5 is-layout-flex wp-block-gallery-is-layout-flex\">\n<figure class=\"wp-block-image size-large\"><img decoding=\"async\" loading=\"lazy\" width=\"720\" height=\"478\" data-id=\"236\" src=\"https:\/\/vilavolta.com.br\/wp-content\/uploads\/2023\/09\/FB_IMG_1693413445482.jpg\" alt=\"\" class=\"wp-image-236\" srcset=\"https:\/\/vilavolta.com.br\/wp-content\/uploads\/2023\/09\/FB_IMG_1693413445482.jpg 720w, https:\/\/vilavolta.com.br\/wp-content\/uploads\/2023\/09\/FB_IMG_1693413445482-300x199.jpg 300w\" sizes=\"(max-width: 720px) 100vw, 720px\" \/><\/figure>\n\n\n\n<figure class=\"wp-block-image size-large\"><img decoding=\"async\" loading=\"lazy\" width=\"768\" height=\"1024\" data-id=\"212\" src=\"https:\/\/vilavolta.com.br\/wp-content\/uploads\/2023\/09\/20230206_105159-Copia-768x1024.jpg\" alt=\"\" class=\"wp-image-212\" srcset=\"https:\/\/vilavolta.com.br\/wp-content\/uploads\/2023\/09\/20230206_105159-Copia-768x1024.jpg 768w, https:\/\/vilavolta.com.br\/wp-content\/uploads\/2023\/09\/20230206_105159-Copia-225x300.jpg 225w, https:\/\/vilavolta.com.br\/wp-content\/uploads\/2023\/09\/20230206_105159-Copia-1152x1536.jpg 1152w, https:\/\/vilavolta.com.br\/wp-content\/uploads\/2023\/09\/20230206_105159-Copia-1536x2048.jpg 1536w, https:\/\/vilavolta.com.br\/wp-content\/uploads\/2023\/09\/20230206_105159-Copia-scaled.jpg 1920w\" sizes=\"(max-width: 768px) 100vw, 768px\" \/><\/figure>\n\n\n\n<figure class=\"wp-block-image size-large\"><img decoding=\"async\" loading=\"lazy\" width=\"768\" height=\"1024\" data-id=\"204\" src=\"https:\/\/vilavolta.com.br\/wp-content\/uploads\/2023\/09\/20230206_104152-Copia-768x1024.jpg\" alt=\"\" class=\"wp-image-204\" srcset=\"https:\/\/vilavolta.com.br\/wp-content\/uploads\/2023\/09\/20230206_104152-Copia-768x1024.jpg 768w, https:\/\/vilavolta.com.br\/wp-content\/uploads\/2023\/09\/20230206_104152-Copia-225x300.jpg 225w, https:\/\/vilavolta.com.br\/wp-content\/uploads\/2023\/09\/20230206_104152-Copia-1152x1536.jpg 1152w, https:\/\/vilavolta.com.br\/wp-content\/uploads\/2023\/09\/20230206_104152-Copia-1536x2048.jpg 1536w, https:\/\/vilavolta.com.br\/wp-content\/uploads\/2023\/09\/20230206_104152-Copia-scaled.jpg 1920w\" sizes=\"(max-width: 768px) 100vw, 768px\" \/><\/figure>\n\n\n\n<figure class=\"wp-block-image size-large\"><img decoding=\"async\" loading=\"lazy\" width=\"768\" height=\"1024\" data-id=\"203\" src=\"https:\/\/vilavolta.com.br\/wp-content\/uploads\/2023\/09\/20230206_104114-Copia-768x1024.jpg\" alt=\"\" class=\"wp-image-203\" srcset=\"https:\/\/vilavolta.com.br\/wp-content\/uploads\/2023\/09\/20230206_104114-Copia-768x1024.jpg 768w, https:\/\/vilavolta.com.br\/wp-content\/uploads\/2023\/09\/20230206_104114-Copia-225x300.jpg 225w, https:\/\/vilavolta.com.br\/wp-content\/uploads\/2023\/09\/20230206_104114-Copia-1152x1536.jpg 1152w, https:\/\/vilavolta.com.br\/wp-content\/uploads\/2023\/09\/20230206_104114-Copia-1536x2048.jpg 1536w, https:\/\/vilavolta.com.br\/wp-content\/uploads\/2023\/09\/20230206_104114-Copia-scaled.jpg 1920w\" sizes=\"(max-width: 768px) 100vw, 768px\" \/><\/figure>\n\n\n\n<figure class=\"wp-block-image size-large\"><img decoding=\"async\" loading=\"lazy\" width=\"768\" height=\"1024\" data-id=\"206\" src=\"https:\/\/vilavolta.com.br\/wp-content\/uploads\/2023\/09\/20230206_104309-Copia-768x1024.jpg\" alt=\"\" class=\"wp-image-206\" srcset=\"https:\/\/vilavolta.com.br\/wp-content\/uploads\/2023\/09\/20230206_104309-Copia-768x1024.jpg 768w, https:\/\/vilavolta.com.br\/wp-content\/uploads\/2023\/09\/20230206_104309-Copia-225x300.jpg 225w, https:\/\/vilavolta.com.br\/wp-content\/uploads\/2023\/09\/20230206_104309-Copia-1152x1536.jpg 1152w, https:\/\/vilavolta.com.br\/wp-content\/uploads\/2023\/09\/20230206_104309-Copia-1536x2048.jpg 1536w, https:\/\/vilavolta.com.br\/wp-content\/uploads\/2023\/09\/20230206_104309-Copia-scaled.jpg 1920w\" sizes=\"(max-width: 768px) 100vw, 768px\" \/><\/figure>\n\n\n\n<figure class=\"wp-block-image size-large\"><img decoding=\"async\" loading=\"lazy\" width=\"768\" height=\"1024\" data-id=\"198\" src=\"https:\/\/vilavolta.com.br\/wp-content\/uploads\/2023\/09\/20230206_103531-Copia-768x1024.jpg\" alt=\"\" class=\"wp-image-198\" srcset=\"https:\/\/vilavolta.com.br\/wp-content\/uploads\/2023\/09\/20230206_103531-Copia-768x1024.jpg 768w, https:\/\/vilavolta.com.br\/wp-content\/uploads\/2023\/09\/20230206_103531-Copia-225x300.jpg 225w, https:\/\/vilavolta.com.br\/wp-content\/uploads\/2023\/09\/20230206_103531-Copia-1152x1536.jpg 1152w, https:\/\/vilavolta.com.br\/wp-content\/uploads\/2023\/09\/20230206_103531-Copia-1536x2048.jpg 1536w, https:\/\/vilavolta.com.br\/wp-content\/uploads\/2023\/09\/20230206_103531-Copia-scaled.jpg 1920w\" sizes=\"(max-width: 768px) 100vw, 768px\" \/><\/figure>\n\n\n\n<figure class=\"wp-block-image size-large\"><img decoding=\"async\" loading=\"lazy\" width=\"768\" height=\"1024\" data-id=\"207\" src=\"https:\/\/vilavolta.com.br\/wp-content\/uploads\/2023\/09\/20230206_104436-Copia-768x1024.jpg\" alt=\"\" class=\"wp-image-207\" srcset=\"https:\/\/vilavolta.com.br\/wp-content\/uploads\/2023\/09\/20230206_104436-Copia-768x1024.jpg 768w, https:\/\/vilavolta.com.br\/wp-content\/uploads\/2023\/09\/20230206_104436-Copia-225x300.jpg 225w, https:\/\/vilavolta.com.br\/wp-content\/uploads\/2023\/09\/20230206_104436-Copia-1152x1536.jpg 1152w, https:\/\/vilavolta.com.br\/wp-content\/uploads\/2023\/09\/20230206_104436-Copia-1536x2048.jpg 1536w, https:\/\/vilavolta.com.br\/wp-content\/uploads\/2023\/09\/20230206_104436-Copia-scaled.jpg 1920w\" sizes=\"(max-width: 768px) 100vw, 768px\" \/><\/figure>\n\n\n\n<figure class=\"wp-block-image size-large\"><img decoding=\"async\" loading=\"lazy\" width=\"768\" height=\"1024\" data-id=\"208\" src=\"https:\/\/vilavolta.com.br\/wp-content\/uploads\/2023\/09\/20230206_104658-Copia-768x1024.jpg\" alt=\"\" class=\"wp-image-208\" srcset=\"https:\/\/vilavolta.com.br\/wp-content\/uploads\/2023\/09\/20230206_104658-Copia-768x1024.jpg 768w, https:\/\/vilavolta.com.br\/wp-content\/uploads\/2023\/09\/20230206_104658-Copia-225x300.jpg 225w, https:\/\/vilavolta.com.br\/wp-content\/uploads\/2023\/09\/20230206_104658-Copia-1152x1536.jpg 1152w, https:\/\/vilavolta.com.br\/wp-content\/uploads\/2023\/09\/20230206_104658-Copia-1536x2048.jpg 1536w, https:\/\/vilavolta.com.br\/wp-content\/uploads\/2023\/09\/20230206_104658-Copia-scaled.jpg 1920w\" sizes=\"(max-width: 768px) 100vw, 768px\" \/><\/figure>\n\n\n\n<figure class=\"wp-block-image size-large\"><img decoding=\"async\" loading=\"lazy\" width=\"768\" height=\"1024\" data-id=\"197\" src=\"https:\/\/vilavolta.com.br\/wp-content\/uploads\/2023\/09\/20230206_103447-Copia-768x1024.jpg\" alt=\"\" class=\"wp-image-197\" srcset=\"https:\/\/vilavolta.com.br\/wp-content\/uploads\/2023\/09\/20230206_103447-Copia-768x1024.jpg 768w, https:\/\/vilavolta.com.br\/wp-content\/uploads\/2023\/09\/20230206_103447-Copia-225x300.jpg 225w, https:\/\/vilavolta.com.br\/wp-content\/uploads\/2023\/09\/20230206_103447-Copia-1152x1536.jpg 1152w, https:\/\/vilavolta.com.br\/wp-content\/uploads\/2023\/09\/20230206_103447-Copia-1536x2048.jpg 1536w, https:\/\/vilavolta.com.br\/wp-content\/uploads\/2023\/09\/20230206_103447-Copia-scaled.jpg 1920w\" sizes=\"(max-width: 768px) 100vw, 768px\" \/><\/figure>\n<\/figure>\n\n\n\n<p>Para 1 pessoa sozinha em uma su\u00edte ou no apartamento, cobramos 70% dos valores acima.<\/p>\n\n\n\n<p>Estes valores podem mudar em feriados.<\/p>\n\n\n\n<p>N\u00e3o cobramos hospedagem de crian\u00e7as de at\u00e9 8 anos de idade.<\/p>\n\n\n\n<p><strong>Descontos especiais<\/strong>&nbsp;para grupos de 5 ou mais pessoas e para estadias acima de 5 di\u00e1rias.<\/p>\n\n\n\n<p>Possui wifi (fibra \u00f3ptica) gr\u00e1tis.<\/p>\n\n\n\n<p>As reservas podem ser feitas&nbsp;<a href=\"http:\/\/www.vilavolta.com.br\/?page_id=22\">clicando aqui&nbsp;<\/a>, por e-mail (vila_volta@hotmail.com) ou pelo whatsapp 024.999575476.<\/p>\n\n\n\n<p>Havendo disponibilidade de vagas, as reservas ser\u00e3o confirmadas ap\u00f3s dep\u00f3sito de 50% do total das di\u00e1rias.<\/p>\n\n\n\n<p>&nbsp;O restante&nbsp;pode ser pago&nbsp;na pousada na sa\u00edda (check-out) em dinheiro, transfer\u00eancia banc\u00e1ria ou PIX.<\/p>\n\n\n\n<p>O pagamento da taxa de servi\u00e7o (10%) \u00e9 opcional.<\/p>\n","protected":false},"excerpt":{"rendered":"<p>Esta casa tem 2 su\u00edtes (1 no andar superior e 1 no t\u00e9rreo) e 1 apartamento tamb\u00e9m no t\u00e9rreo. A su\u00edte (quarto com banheiro) do andar superior \u00e9 a maior, com 50 m2 e ampla varanda. Su\u00edte andar superior Valor da di\u00e1ria: R$350,00 para 2 pessoas, com caf\u00e9 da manh\u00e3. Su\u00edte no t\u00e9rreo, com varanda [&hellip;]<\/p>\n","protected":false},"author":1,"featured_media":0,"parent":0,"menu_order":0,"comment_status":"closed","ping_status":"closed","template":"","meta":{"footnotes":""},"_links":{"self":[{"href":"https:\/\/vilavolta.com.br\/index.php\/wp-json\/wp\/v2\/pages\/108"}],"collection":[{"href":"https:\/\/vilavolta.com.br\/index.php\/wp-json\/wp\/v2\/pages"}],"about":[{"href":"https:\/\/vilavolta.com.br\/index.php\/wp-json\/wp\/v2\/types\/page"}],"author":[{"embeddable":true,"href":"https:\/\/vilavolta.com.br\/index.php\/wp-json\/wp\/v2\/users\/1"}],"replies":[{"embeddable":true,"href":"https:\/\/vilavolta.com.br\/index.php\/wp-json\/wp\/v2\/comments?post=108"}],"version-history":[{"count":10,"href":"https:\/\/vilavolta.com.br\/index.php\/wp-json\/wp\/v2\/pages\/108\/revisions"}],"predecessor-version":[{"id":652,"href":"https:\/\/vilavolta.com.br\/index.php\/wp-json\/wp\/v2\/pages\/108\/revisions\/652"}],"wp:attachment":[{"href":"https:\/\/vilavolta.com.br\/index.php\/wp-json\/wp\/v2\/media?parent=108"}],"curies":[{"name":"wp","href":"https:\/\/api.w.org\/{rel}","templated":true}]}}