{"id":110,"date":"2023-08-28T20:15:44","date_gmt":"2023-08-28T20:15:44","guid":{"rendered":"https:\/\/vilavolta.com.br\/?page_id=110"},"modified":"2026-03-26T12:49:53","modified_gmt":"2026-03-26T12:49:53","slug":"casaleta","status":"publish","type":"page","link":"https:\/\/vilavolta.com.br\/index.php\/casaleta\/","title":{"rendered":"Casaleta"},"content":{"rendered":"\n<p>\u00c9 a casa mais nova da Vila Volta, inaugurada em julho\/2023.<\/p>\n\n\n\n<p>Possui 2 quartos, sala, cozinha, banheiro, lavanderia e pergolado externo. <\/p>\n\n\n\n<p>Ideal para estadias mais longas e independentes. Acomoda at\u00e9 5 pessoas.<\/p>\n\n\n\n<figure class=\"wp-block-image aligncenter size-large is-resized\"><img decoding=\"async\" loading=\"lazy\" width=\"1024\" height=\"576\" src=\"https:\/\/vilavolta.com.br\/wp-content\/uploads\/2025\/11\/20251001_154336-1024x576.jpg\" alt=\"\" class=\"wp-image-660\" style=\"aspect-ratio:1.3137254901960784;width:481px;height:auto\" srcset=\"https:\/\/vilavolta.com.br\/wp-content\/uploads\/2025\/11\/20251001_154336-1024x576.jpg 1024w, https:\/\/vilavolta.com.br\/wp-content\/uploads\/2025\/11\/20251001_154336-300x169.jpg 300w, https:\/\/vilavolta.com.br\/wp-content\/uploads\/2025\/11\/20251001_154336-768x432.jpg 768w, https:\/\/vilavolta.com.br\/wp-content\/uploads\/2025\/11\/20251001_154336-1536x864.jpg 1536w, https:\/\/vilavolta.com.br\/wp-content\/uploads\/2025\/11\/20251001_154336-2048x1152.jpg 2048w\" sizes=\"(max-width: 1024px) 100vw, 1024px\" \/><\/figure>\n\n\n\n<p><font _mstmutation=\"1\" _msttexthash=\"267553\" _msthash=\"311\">Valor da di\u00e1ria: <\/font><strong _msttexthash=\"24180\" _msthash=\"325\">R$350,00<\/strong><font _mstmutation=\"1\" _msttexthash=\"364689\" _msthash=\"327\"> para at\u00e9 2 pessoas e R$50,00 <\/font><font _mstmutation=\"1\" _msttexthash=\"3351842\" _msthash=\"824\">a mais para cada pessoa extra (3a., 4a e 5a.). Este valor pode mudar em feriados.<\/font><\/p>\n\n\n\n<p>Crian\u00e7as de at\u00e9 8 anos: hospedagem gr\u00e1tis.<\/p>\n\n\n\n<p>Inclu\u00eddo: roupas de cama e banho e utens\u00edlios de cozinha.<\/p>\n\n\n\n<p>Possui wifi (fibra \u00f3ptica) gr\u00e1tis.<\/p>\n\n\n\n<p>Check-in: a partir das 14:00 hs<\/p>\n\n\n\n<p>Check-out: at\u00e9 o meio-dia (12:00 hs)<\/p>\n\n\n\n<p><font _mstmutation=\"1\" _msttexthash=\"754481\" _msthash=\"741\"><font _mstmutation=\"1\" _msttexthash=\"754481\" _msthash=\"762\"><font _mstmutation=\"1\" _msttexthash=\"754481\" _msthash=\"770\"><font _mstmutation=\"1\" _msttexthash=\"1263444\" _msthash=\"799\">Descontos para estadias acima de 7 di\u00e1rias.<\/font><\/font><\/font><\/font><font _mstmutation=\"1\"><\/font><font _mstmutation=\"1\"><\/font><\/p>\n\n\n\n<p><font _mstmutation=\"1\" _msttexthash=\"14144\" _msthash=\"364\">(<\/font><font _mstmutation=\"1\" _msttexthash=\"3583008\" _msthash=\"365\">Entre em contato para mais informa\u00e7\u00f5es sobre hospedagem de longa dura\u00e7\u00e3o)<\/font><font _mstmutation=\"1\"><\/font><\/p>\n\n\n\n<p>Opcionais:<\/p>\n\n\n\n<p>. limpeza di\u00e1ria: R$80,00<\/p>\n\n\n\n<p>. caf\u00e9 da manh\u00e3 servido na pousada: R$50,00 por pessoa<\/p>\n\n\n\n<p>. refei\u00e7\u00e3o completa servida na pousada: R$80,00 por pessoa<\/p>\n\n\n\n<figure class=\"wp-block-gallery has-nested-images columns-default is-cropped wp-block-gallery-1 is-layout-flex wp-block-gallery-is-layout-flex\">\n<figure class=\"wp-block-image size-large\"><img decoding=\"async\" loading=\"lazy\" width=\"1024\" height=\"768\" data-id=\"242\" src=\"https:\/\/vilavolta.com.br\/wp-content\/uploads\/2023\/09\/20230829_103349-1024x768.jpg\" alt=\"\" class=\"wp-image-242\" srcset=\"https:\/\/vilavolta.com.br\/wp-content\/uploads\/2023\/09\/20230829_103349-1024x768.jpg 1024w, https:\/\/vilavolta.com.br\/wp-content\/uploads\/2023\/09\/20230829_103349-300x225.jpg 300w, https:\/\/vilavolta.com.br\/wp-content\/uploads\/2023\/09\/20230829_103349-768x576.jpg 768w, https:\/\/vilavolta.com.br\/wp-content\/uploads\/2023\/09\/20230829_103349-1536x1152.jpg 1536w, https:\/\/vilavolta.com.br\/wp-content\/uploads\/2023\/09\/20230829_103349-2048x1536.jpg 2048w\" sizes=\"(max-width: 1024px) 100vw, 1024px\" \/><\/figure>\n\n\n\n<figure class=\"wp-block-image size-large\"><img decoding=\"async\" loading=\"lazy\" width=\"1024\" height=\"768\" data-id=\"262\" src=\"https:\/\/vilavolta.com.br\/wp-content\/uploads\/2023\/09\/20230901_103330-1024x768.jpg\" alt=\"\" class=\"wp-image-262\" srcset=\"https:\/\/vilavolta.com.br\/wp-content\/uploads\/2023\/09\/20230901_103330-1024x768.jpg 1024w, https:\/\/vilavolta.com.br\/wp-content\/uploads\/2023\/09\/20230901_103330-300x225.jpg 300w, https:\/\/vilavolta.com.br\/wp-content\/uploads\/2023\/09\/20230901_103330-768x576.jpg 768w, https:\/\/vilavolta.com.br\/wp-content\/uploads\/2023\/09\/20230901_103330-1536x1152.jpg 1536w, https:\/\/vilavolta.com.br\/wp-content\/uploads\/2023\/09\/20230901_103330-2048x1536.jpg 2048w\" sizes=\"(max-width: 1024px) 100vw, 1024px\" \/><\/figure>\n\n\n\n<figure class=\"wp-block-image size-large\"><img decoding=\"async\" loading=\"lazy\" width=\"1024\" height=\"768\" data-id=\"628\" src=\"https:\/\/vilavolta.com.br\/wp-content\/uploads\/2024\/01\/20231219_150201-1024x768.jpg\" alt=\"\" class=\"wp-image-628\" srcset=\"https:\/\/vilavolta.com.br\/wp-content\/uploads\/2024\/01\/20231219_150201-1024x768.jpg 1024w, https:\/\/vilavolta.com.br\/wp-content\/uploads\/2024\/01\/20231219_150201-300x225.jpg 300w, https:\/\/vilavolta.com.br\/wp-content\/uploads\/2024\/01\/20231219_150201-768x576.jpg 768w, https:\/\/vilavolta.com.br\/wp-content\/uploads\/2024\/01\/20231219_150201-1536x1152.jpg 1536w, https:\/\/vilavolta.com.br\/wp-content\/uploads\/2024\/01\/20231219_150201-2048x1536.jpg 2048w\" sizes=\"(max-width: 1024px) 100vw, 1024px\" \/><\/figure>\n\n\n\n<figure class=\"wp-block-image size-large\"><img decoding=\"async\" loading=\"lazy\" width=\"768\" height=\"1024\" data-id=\"620\" src=\"https:\/\/vilavolta.com.br\/wp-content\/uploads\/2024\/01\/20231219_144457-768x1024.jpg\" alt=\"\" class=\"wp-image-620\" srcset=\"https:\/\/vilavolta.com.br\/wp-content\/uploads\/2024\/01\/20231219_144457-768x1024.jpg 768w, https:\/\/vilavolta.com.br\/wp-content\/uploads\/2024\/01\/20231219_144457-225x300.jpg 225w, https:\/\/vilavolta.com.br\/wp-content\/uploads\/2024\/01\/20231219_144457-1152x1536.jpg 1152w, https:\/\/vilavolta.com.br\/wp-content\/uploads\/2024\/01\/20231219_144457-1536x2048.jpg 1536w, https:\/\/vilavolta.com.br\/wp-content\/uploads\/2024\/01\/20231219_144457-scaled.jpg 1920w\" sizes=\"(max-width: 768px) 100vw, 768px\" \/><\/figure>\n\n\n\n<figure class=\"wp-block-image size-large\"><img decoding=\"async\" loading=\"lazy\" width=\"1024\" height=\"768\" data-id=\"619\" src=\"https:\/\/vilavolta.com.br\/wp-content\/uploads\/2024\/01\/20231219_144122-1024x768.jpg\" alt=\"\" class=\"wp-image-619\" srcset=\"https:\/\/vilavolta.com.br\/wp-content\/uploads\/2024\/01\/20231219_144122-1024x768.jpg 1024w, https:\/\/vilavolta.com.br\/wp-content\/uploads\/2024\/01\/20231219_144122-300x225.jpg 300w, https:\/\/vilavolta.com.br\/wp-content\/uploads\/2024\/01\/20231219_144122-768x576.jpg 768w, https:\/\/vilavolta.com.br\/wp-content\/uploads\/2024\/01\/20231219_144122-1536x1152.jpg 1536w, https:\/\/vilavolta.com.br\/wp-content\/uploads\/2024\/01\/20231219_144122-2048x1536.jpg 2048w\" sizes=\"(max-width: 1024px) 100vw, 1024px\" \/><\/figure>\n\n\n\n<figure class=\"wp-block-image size-large\"><img decoding=\"async\" loading=\"lazy\" width=\"732\" height=\"1024\" data-id=\"621\" src=\"https:\/\/vilavolta.com.br\/wp-content\/uploads\/2024\/01\/20231219_144539-732x1024.jpg\" alt=\"\" class=\"wp-image-621\" srcset=\"https:\/\/vilavolta.com.br\/wp-content\/uploads\/2024\/01\/20231219_144539-732x1024.jpg 732w, https:\/\/vilavolta.com.br\/wp-content\/uploads\/2024\/01\/20231219_144539-214x300.jpg 214w, https:\/\/vilavolta.com.br\/wp-content\/uploads\/2024\/01\/20231219_144539-768x1075.jpg 768w, https:\/\/vilavolta.com.br\/wp-content\/uploads\/2024\/01\/20231219_144539-1097x1536.jpg 1097w, https:\/\/vilavolta.com.br\/wp-content\/uploads\/2024\/01\/20231219_144539-1463x2048.jpg 1463w, https:\/\/vilavolta.com.br\/wp-content\/uploads\/2024\/01\/20231219_144539-scaled.jpg 1829w\" sizes=\"(max-width: 732px) 100vw, 732px\" \/><\/figure>\n\n\n\n<figure class=\"wp-block-image size-large\"><img decoding=\"async\" loading=\"lazy\" width=\"1024\" height=\"768\" data-id=\"250\" src=\"https:\/\/vilavolta.com.br\/wp-content\/uploads\/2023\/09\/20230829_105815-1024x768.jpg\" alt=\"\" class=\"wp-image-250\" srcset=\"https:\/\/vilavolta.com.br\/wp-content\/uploads\/2023\/09\/20230829_105815-1024x768.jpg 1024w, https:\/\/vilavolta.com.br\/wp-content\/uploads\/2023\/09\/20230829_105815-300x225.jpg 300w, https:\/\/vilavolta.com.br\/wp-content\/uploads\/2023\/09\/20230829_105815-768x576.jpg 768w, https:\/\/vilavolta.com.br\/wp-content\/uploads\/2023\/09\/20230829_105815-1536x1152.jpg 1536w, https:\/\/vilavolta.com.br\/wp-content\/uploads\/2023\/09\/20230829_105815-2048x1536.jpg 2048w\" sizes=\"(max-width: 1024px) 100vw, 1024px\" \/><\/figure>\n\n\n\n<figure class=\"wp-block-image size-large\"><img decoding=\"async\" loading=\"lazy\" width=\"1024\" height=\"768\" data-id=\"251\" src=\"https:\/\/vilavolta.com.br\/wp-content\/uploads\/2023\/09\/20230829_105829-1024x768.jpg\" alt=\"\" class=\"wp-image-251\" srcset=\"https:\/\/vilavolta.com.br\/wp-content\/uploads\/2023\/09\/20230829_105829-1024x768.jpg 1024w, https:\/\/vilavolta.com.br\/wp-content\/uploads\/2023\/09\/20230829_105829-300x225.jpg 300w, https:\/\/vilavolta.com.br\/wp-content\/uploads\/2023\/09\/20230829_105829-768x576.jpg 768w, https:\/\/vilavolta.com.br\/wp-content\/uploads\/2023\/09\/20230829_105829-1536x1152.jpg 1536w, https:\/\/vilavolta.com.br\/wp-content\/uploads\/2023\/09\/20230829_105829-2048x1536.jpg 2048w\" sizes=\"(max-width: 1024px) 100vw, 1024px\" \/><\/figure>\n\n\n\n<figure class=\"wp-block-image size-large\"><img decoding=\"async\" loading=\"lazy\" width=\"1024\" height=\"768\" data-id=\"616\" src=\"https:\/\/vilavolta.com.br\/wp-content\/uploads\/2024\/01\/20231219_143349-1024x768.jpg\" alt=\"\" class=\"wp-image-616\" srcset=\"https:\/\/vilavolta.com.br\/wp-content\/uploads\/2024\/01\/20231219_143349-1024x768.jpg 1024w, https:\/\/vilavolta.com.br\/wp-content\/uploads\/2024\/01\/20231219_143349-300x225.jpg 300w, https:\/\/vilavolta.com.br\/wp-content\/uploads\/2024\/01\/20231219_143349-768x576.jpg 768w, https:\/\/vilavolta.com.br\/wp-content\/uploads\/2024\/01\/20231219_143349-1536x1152.jpg 1536w, https:\/\/vilavolta.com.br\/wp-content\/uploads\/2024\/01\/20231219_143349-2048x1536.jpg 2048w\" sizes=\"(max-width: 1024px) 100vw, 1024px\" \/><\/figure>\n\n\n\n<figure class=\"wp-block-image size-large\"><img decoding=\"async\" loading=\"lazy\" width=\"993\" height=\"1024\" data-id=\"617\" src=\"https:\/\/vilavolta.com.br\/wp-content\/uploads\/2024\/01\/20231219_143457-993x1024.jpg\" alt=\"\" class=\"wp-image-617\" srcset=\"https:\/\/vilavolta.com.br\/wp-content\/uploads\/2024\/01\/20231219_143457-993x1024.jpg 993w, https:\/\/vilavolta.com.br\/wp-content\/uploads\/2024\/01\/20231219_143457-291x300.jpg 291w, https:\/\/vilavolta.com.br\/wp-content\/uploads\/2024\/01\/20231219_143457-768x792.jpg 768w, https:\/\/vilavolta.com.br\/wp-content\/uploads\/2024\/01\/20231219_143457-1490x1536.jpg 1490w, https:\/\/vilavolta.com.br\/wp-content\/uploads\/2024\/01\/20231219_143457-1986x2048.jpg 1986w\" sizes=\"(max-width: 993px) 100vw, 993px\" \/><\/figure>\n\n\n\n<figure class=\"wp-block-image size-large\"><img decoding=\"async\" loading=\"lazy\" width=\"1024\" height=\"768\" data-id=\"256\" src=\"https:\/\/vilavolta.com.br\/wp-content\/uploads\/2023\/09\/20230829_110441-1024x768.jpg\" alt=\"\" class=\"wp-image-256\" srcset=\"https:\/\/vilavolta.com.br\/wp-content\/uploads\/2023\/09\/20230829_110441-1024x768.jpg 1024w, https:\/\/vilavolta.com.br\/wp-content\/uploads\/2023\/09\/20230829_110441-300x225.jpg 300w, https:\/\/vilavolta.com.br\/wp-content\/uploads\/2023\/09\/20230829_110441-768x576.jpg 768w, https:\/\/vilavolta.com.br\/wp-content\/uploads\/2023\/09\/20230829_110441-1536x1152.jpg 1536w, https:\/\/vilavolta.com.br\/wp-content\/uploads\/2023\/09\/20230829_110441-2048x1536.jpg 2048w\" sizes=\"(max-width: 1024px) 100vw, 1024px\" \/><\/figure>\n\n\n\n<figure class=\"wp-block-image size-large\"><img decoding=\"async\" loading=\"lazy\" width=\"768\" height=\"1024\" data-id=\"255\" src=\"https:\/\/vilavolta.com.br\/wp-content\/uploads\/2023\/09\/20230829_110418-768x1024.jpg\" alt=\"\" class=\"wp-image-255\" srcset=\"https:\/\/vilavolta.com.br\/wp-content\/uploads\/2023\/09\/20230829_110418-768x1024.jpg 768w, https:\/\/vilavolta.com.br\/wp-content\/uploads\/2023\/09\/20230829_110418-225x300.jpg 225w, https:\/\/vilavolta.com.br\/wp-content\/uploads\/2023\/09\/20230829_110418-1152x1536.jpg 1152w, https:\/\/vilavolta.com.br\/wp-content\/uploads\/2023\/09\/20230829_110418-1536x2048.jpg 1536w, https:\/\/vilavolta.com.br\/wp-content\/uploads\/2023\/09\/20230829_110418-scaled.jpg 1920w\" sizes=\"(max-width: 768px) 100vw, 768px\" \/><\/figure>\n\n\n\n<figure class=\"wp-block-image size-large\"><img decoding=\"async\" loading=\"lazy\" width=\"768\" height=\"1024\" data-id=\"246\" src=\"https:\/\/vilavolta.com.br\/wp-content\/uploads\/2023\/09\/20230829_103923-768x1024.jpg\" alt=\"\" class=\"wp-image-246\" srcset=\"https:\/\/vilavolta.com.br\/wp-content\/uploads\/2023\/09\/20230829_103923-768x1024.jpg 768w, https:\/\/vilavolta.com.br\/wp-content\/uploads\/2023\/09\/20230829_103923-225x300.jpg 225w, https:\/\/vilavolta.com.br\/wp-content\/uploads\/2023\/09\/20230829_103923-1152x1536.jpg 1152w, https:\/\/vilavolta.com.br\/wp-content\/uploads\/2023\/09\/20230829_103923-1536x2048.jpg 1536w, https:\/\/vilavolta.com.br\/wp-content\/uploads\/2023\/09\/20230829_103923-scaled.jpg 1920w\" sizes=\"(max-width: 768px) 100vw, 768px\" \/><\/figure>\n\n\n\n<figure class=\"wp-block-image size-large\"><img decoding=\"async\" loading=\"lazy\" width=\"768\" height=\"1024\" data-id=\"245\" src=\"https:\/\/vilavolta.com.br\/wp-content\/uploads\/2023\/09\/20230829_103907-768x1024.jpg\" alt=\"\" class=\"wp-image-245\" srcset=\"https:\/\/vilavolta.com.br\/wp-content\/uploads\/2023\/09\/20230829_103907-768x1024.jpg 768w, https:\/\/vilavolta.com.br\/wp-content\/uploads\/2023\/09\/20230829_103907-225x300.jpg 225w, https:\/\/vilavolta.com.br\/wp-content\/uploads\/2023\/09\/20230829_103907-1152x1536.jpg 1152w, https:\/\/vilavolta.com.br\/wp-content\/uploads\/2023\/09\/20230829_103907-1536x2048.jpg 1536w, https:\/\/vilavolta.com.br\/wp-content\/uploads\/2023\/09\/20230829_103907-scaled.jpg 1920w\" sizes=\"(max-width: 768px) 100vw, 768px\" \/><\/figure>\n<\/figure>\n\n\n\n<div class=\"wp-block-columns is-layout-flex wp-container-6 wp-block-columns-is-layout-flex\">\n<div class=\"wp-block-column is-layout-flow wp-block-column-is-layout-flow\" style=\"flex-basis:33.34%\">\n<figure class=\"wp-block-image size-large\"><img decoding=\"async\" loading=\"lazy\" width=\"1024\" height=\"768\" src=\"https:\/\/vilavolta.com.br\/wp-content\/uploads\/2024\/01\/20231219_144703-1024x768.jpg\" alt=\"\" class=\"wp-image-622\" srcset=\"https:\/\/vilavolta.com.br\/wp-content\/uploads\/2024\/01\/20231219_144703-1024x768.jpg 1024w, https:\/\/vilavolta.com.br\/wp-content\/uploads\/2024\/01\/20231219_144703-300x225.jpg 300w, https:\/\/vilavolta.com.br\/wp-content\/uploads\/2024\/01\/20231219_144703-768x576.jpg 768w, https:\/\/vilavolta.com.br\/wp-content\/uploads\/2024\/01\/20231219_144703-1536x1152.jpg 1536w, https:\/\/vilavolta.com.br\/wp-content\/uploads\/2024\/01\/20231219_144703-2048x1536.jpg 2048w\" sizes=\"(max-width: 1024px) 100vw, 1024px\" \/><\/figure>\n<\/div>\n\n\n\n<div class=\"wp-block-column is-layout-flow wp-block-column-is-layout-flow\" style=\"flex-basis:33.34%\">\n<figure class=\"wp-block-image size-large\"><img decoding=\"async\" loading=\"lazy\" width=\"1024\" height=\"768\" src=\"https:\/\/vilavolta.com.br\/wp-content\/uploads\/2024\/01\/20231219_145504-1024x768.jpg\" alt=\"\" class=\"wp-image-625\" srcset=\"https:\/\/vilavolta.com.br\/wp-content\/uploads\/2024\/01\/20231219_145504-1024x768.jpg 1024w, https:\/\/vilavolta.com.br\/wp-content\/uploads\/2024\/01\/20231219_145504-300x225.jpg 300w, https:\/\/vilavolta.com.br\/wp-content\/uploads\/2024\/01\/20231219_145504-768x576.jpg 768w, https:\/\/vilavolta.com.br\/wp-content\/uploads\/2024\/01\/20231219_145504-1536x1152.jpg 1536w, https:\/\/vilavolta.com.br\/wp-content\/uploads\/2024\/01\/20231219_145504-2048x1536.jpg 2048w\" sizes=\"(max-width: 1024px) 100vw, 1024px\" \/><\/figure>\n<\/div>\n\n\n\n<div class=\"wp-block-column is-layout-flow wp-block-column-is-layout-flow\" style=\"flex-basis:33.33%\">\n<figure class=\"wp-block-image size-thumbnail is-resized\"><img decoding=\"async\" loading=\"lazy\" width=\"150\" height=\"150\" src=\"https:\/\/vilavolta.com.br\/wp-content\/uploads\/2024\/01\/20231219_150442-150x150.jpg\" alt=\"\" class=\"wp-image-629\" style=\"aspect-ratio:1.3333333333333333;width:217px;height:auto\"\/><\/figure>\n<\/div>\n<\/div>\n\n\n\n<div class=\"wp-block-columns is-layout-flex wp-container-10 wp-block-columns-is-layout-flex\">\n<div class=\"wp-block-column is-layout-flow wp-block-column-is-layout-flow\">\n<figure class=\"wp-block-image size-large\"><img decoding=\"async\" loading=\"lazy\" width=\"1024\" height=\"768\" src=\"https:\/\/vilavolta.com.br\/wp-content\/uploads\/2024\/03\/20240306_120847-1024x768.jpg\" alt=\"\" class=\"wp-image-631\" srcset=\"https:\/\/vilavolta.com.br\/wp-content\/uploads\/2024\/03\/20240306_120847-1024x768.jpg 1024w, https:\/\/vilavolta.com.br\/wp-content\/uploads\/2024\/03\/20240306_120847-300x225.jpg 300w, https:\/\/vilavolta.com.br\/wp-content\/uploads\/2024\/03\/20240306_120847-768x576.jpg 768w, https:\/\/vilavolta.com.br\/wp-content\/uploads\/2024\/03\/20240306_120847-1536x1152.jpg 1536w, https:\/\/vilavolta.com.br\/wp-content\/uploads\/2024\/03\/20240306_120847-2048x1536.jpg 2048w\" sizes=\"(max-width: 1024px) 100vw, 1024px\" \/><\/figure>\n<\/div>\n\n\n\n<div class=\"wp-block-column is-layout-flow wp-block-column-is-layout-flow\">\n<figure class=\"wp-block-image size-large\"><img decoding=\"async\" loading=\"lazy\" width=\"1024\" height=\"576\" src=\"https:\/\/vilavolta.com.br\/wp-content\/uploads\/2025\/11\/20250829_150954-1024x576.jpg\" alt=\"\" class=\"wp-image-658\" srcset=\"https:\/\/vilavolta.com.br\/wp-content\/uploads\/2025\/11\/20250829_150954-1024x576.jpg 1024w, https:\/\/vilavolta.com.br\/wp-content\/uploads\/2025\/11\/20250829_150954-300x169.jpg 300w, https:\/\/vilavolta.com.br\/wp-content\/uploads\/2025\/11\/20250829_150954-768x432.jpg 768w, https:\/\/vilavolta.com.br\/wp-content\/uploads\/2025\/11\/20250829_150954-1536x864.jpg 1536w, https:\/\/vilavolta.com.br\/wp-content\/uploads\/2025\/11\/20250829_150954-2048x1152.jpg 2048w\" sizes=\"(max-width: 1024px) 100vw, 1024px\" \/><\/figure>\n<\/div>\n\n\n\n<div class=\"wp-block-column is-layout-flow wp-block-column-is-layout-flow\">\n<figure class=\"wp-block-image size-large\"><img decoding=\"async\" loading=\"lazy\" width=\"1024\" height=\"576\" src=\"https:\/\/vilavolta.com.br\/wp-content\/uploads\/2025\/11\/20250829_150935-1024x576.jpg\" alt=\"\" class=\"wp-image-657\" srcset=\"https:\/\/vilavolta.com.br\/wp-content\/uploads\/2025\/11\/20250829_150935-1024x576.jpg 1024w, https:\/\/vilavolta.com.br\/wp-content\/uploads\/2025\/11\/20250829_150935-300x169.jpg 300w, https:\/\/vilavolta.com.br\/wp-content\/uploads\/2025\/11\/20250829_150935-768x432.jpg 768w, https:\/\/vilavolta.com.br\/wp-content\/uploads\/2025\/11\/20250829_150935-1536x864.jpg 1536w, https:\/\/vilavolta.com.br\/wp-content\/uploads\/2025\/11\/20250829_150935-2048x1152.jpg 2048w\" sizes=\"(max-width: 1024px) 100vw, 1024px\" \/><\/figure>\n<\/div>\n<\/div>\n\n\n\n<p>As reservas podem ser feitas&nbsp;<a href=\"http:\/\/www.vilavolta.com.br\/?page_id=22\">clicando aqui&nbsp;<\/a>, por e-mail (vila_volta@hotmail.com) ou pelo whatsapp 24.999575476.<\/p>\n\n\n\n<p>Havendo disponibilidade de vagas, as reservas ser\u00e3o confirmadas ap\u00f3s dep\u00f3sito de 50% do total das di\u00e1rias.<\/p>\n\n\n\n<p>&nbsp;O restante&nbsp;pode ser pago&nbsp;na pousada na sa\u00edda (check-out) em dinheiro, transfer\u00eancia banc\u00e1ria ou PIX.<\/p>\n\n\n\n<p>O pagamento da taxa de servi\u00e7o (10%) \u00e9 opcional.<\/p>\n","protected":false},"excerpt":{"rendered":"<p>\u00c9 a casa mais nova da Vila Volta, inaugurada em julho\/2023. Possui 2 quartos, sala, cozinha, banheiro, lavanderia e pergolado externo. Ideal para estadias mais longas e independentes. Acomoda at\u00e9 5 pessoas. Valor da di\u00e1ria: R$350,00 para at\u00e9 2 pessoas e R$50,00 a mais para cada pessoa extra (3a., 4a e 5a.). Este valor pode [&hellip;]<\/p>\n","protected":false},"author":1,"featured_media":0,"parent":0,"menu_order":0,"comment_status":"closed","ping_status":"closed","template":"","meta":{"footnotes":""},"_links":{"self":[{"href":"https:\/\/vilavolta.com.br\/index.php\/wp-json\/wp\/v2\/pages\/110"}],"collection":[{"href":"https:\/\/vilavolta.com.br\/index.php\/wp-json\/wp\/v2\/pages"}],"about":[{"href":"https:\/\/vilavolta.com.br\/index.php\/wp-json\/wp\/v2\/types\/page"}],"author":[{"embeddable":true,"href":"https:\/\/vilavolta.com.br\/index.php\/wp-json\/wp\/v2\/users\/1"}],"replies":[{"embeddable":true,"href":"https:\/\/vilavolta.com.br\/index.php\/wp-json\/wp\/v2\/comments?post=110"}],"version-history":[{"count":15,"href":"https:\/\/vilavolta.com.br\/index.php\/wp-json\/wp\/v2\/pages\/110\/revisions"}],"predecessor-version":[{"id":664,"href":"https:\/\/vilavolta.com.br\/index.php\/wp-json\/wp\/v2\/pages\/110\/revisions\/664"}],"wp:attachment":[{"href":"https:\/\/vilavolta.com.br\/index.php\/wp-json\/wp\/v2\/media?parent=110"}],"curies":[{"name":"wp","href":"https:\/\/api.w.org\/{rel}","templated":true}]}}