{"id":117,"date":"2023-08-28T23:02:37","date_gmt":"2023-08-28T23:02:37","guid":{"rendered":"https:\/\/vilavolta.com.br\/?page_id=117"},"modified":"2025-04-04T02:07:33","modified_gmt":"2025-04-04T02:07:33","slug":"quem-somos","status":"publish","type":"page","link":"https:\/\/vilavolta.com.br\/index.php\/quem-somos\/","title":{"rendered":"Quem Somos"},"content":{"rendered":"\n<p>Na Vila Volta voc\u00ea pode descansar numa rede ou embaixo de uma \u00e1rvore, bater longos papos, tomar sol ou um banho na piscina natural, fazer calmas refei\u00e7\u00f5es, caminhadas, conhecer o pomar. Ou s\u00f3 respirar e ouvir o canto dos p\u00e1ssaros e o barulhinho da \u00e1gua dos rios correndo. Ali\u00e1s, a \u00e1gua \u00e9 mesmo a \u00fanica coisa que corre na Vila Volta.<\/p>\n\n\n\n<figure class=\"wp-block-gallery has-nested-images columns-default is-cropped wp-block-gallery-1 is-layout-flex wp-block-gallery-is-layout-flex\">\n<figure class=\"wp-block-image size-large\"><img decoding=\"async\" loading=\"lazy\" width=\"720\" height=\"478\" data-id=\"505\" src=\"https:\/\/vilavolta.com.br\/wp-content\/uploads\/2023\/09\/FB_IMG_1694295607098.jpg\" alt=\"\" class=\"wp-image-505\" srcset=\"https:\/\/vilavolta.com.br\/wp-content\/uploads\/2023\/09\/FB_IMG_1694295607098.jpg 720w, https:\/\/vilavolta.com.br\/wp-content\/uploads\/2023\/09\/FB_IMG_1694295607098-300x199.jpg 300w\" sizes=\"(max-width: 720px) 100vw, 720px\" \/><\/figure>\n\n\n\n<figure class=\"wp-block-image size-large\"><img decoding=\"async\" loading=\"lazy\" width=\"1024\" height=\"768\" data-id=\"506\" src=\"https:\/\/vilavolta.com.br\/wp-content\/uploads\/2023\/09\/20220503_152151-m-1-1024x768.jpg\" alt=\"\" class=\"wp-image-506\" srcset=\"https:\/\/vilavolta.com.br\/wp-content\/uploads\/2023\/09\/20220503_152151-m-1-1024x768.jpg 1024w, https:\/\/vilavolta.com.br\/wp-content\/uploads\/2023\/09\/20220503_152151-m-1-300x225.jpg 300w, https:\/\/vilavolta.com.br\/wp-content\/uploads\/2023\/09\/20220503_152151-m-1-768x576.jpg 768w, https:\/\/vilavolta.com.br\/wp-content\/uploads\/2023\/09\/20220503_152151-m-1.jpg 1100w\" sizes=\"(max-width: 1024px) 100vw, 1024px\" \/><\/figure>\n<\/figure>\n\n\n\n<p>As acomoda\u00e7\u00f5es, r\u00fasticas e confort\u00e1veis, est\u00e3o distribu\u00eddas em duas casas, sendo uma casa completa (Casaleta), duas su\u00edtes mais um apartamento na Casa Vermelha. Wifi fibra \u00f3ptica est\u00e1 dispon\u00edvel gratuitamente em todas as acomoda\u00e7\u00f5es.<\/p>\n\n\n\n<figure class=\"wp-block-gallery has-nested-images columns-default is-cropped wp-block-gallery-3 is-layout-flex wp-block-gallery-is-layout-flex\">\n<figure class=\"wp-block-image size-large\"><img decoding=\"async\" loading=\"lazy\" width=\"768\" height=\"1024\" data-id=\"260\" src=\"https:\/\/vilavolta.com.br\/wp-content\/uploads\/2023\/09\/20230901_102944-768x1024.jpg\" alt=\"\" class=\"wp-image-260\" srcset=\"https:\/\/vilavolta.com.br\/wp-content\/uploads\/2023\/09\/20230901_102944-768x1024.jpg 768w, https:\/\/vilavolta.com.br\/wp-content\/uploads\/2023\/09\/20230901_102944-225x300.jpg 225w, https:\/\/vilavolta.com.br\/wp-content\/uploads\/2023\/09\/20230901_102944-1152x1536.jpg 1152w, https:\/\/vilavolta.com.br\/wp-content\/uploads\/2023\/09\/20230901_102944-1536x2048.jpg 1536w, https:\/\/vilavolta.com.br\/wp-content\/uploads\/2023\/09\/20230901_102944-scaled.jpg 1920w\" sizes=\"(max-width: 768px) 100vw, 768px\" \/><\/figure>\n\n\n\n<figure class=\"wp-block-image size-large\"><img decoding=\"async\" loading=\"lazy\" width=\"768\" height=\"1024\" data-id=\"212\" src=\"https:\/\/vilavolta.com.br\/wp-content\/uploads\/2023\/09\/20230206_105159-Copia-768x1024.jpg\" alt=\"\" class=\"wp-image-212\" srcset=\"https:\/\/vilavolta.com.br\/wp-content\/uploads\/2023\/09\/20230206_105159-Copia-768x1024.jpg 768w, https:\/\/vilavolta.com.br\/wp-content\/uploads\/2023\/09\/20230206_105159-Copia-225x300.jpg 225w, https:\/\/vilavolta.com.br\/wp-content\/uploads\/2023\/09\/20230206_105159-Copia-1152x1536.jpg 1152w, https:\/\/vilavolta.com.br\/wp-content\/uploads\/2023\/09\/20230206_105159-Copia-1536x2048.jpg 1536w, https:\/\/vilavolta.com.br\/wp-content\/uploads\/2023\/09\/20230206_105159-Copia-scaled.jpg 1920w\" sizes=\"(max-width: 768px) 100vw, 768px\" \/><\/figure>\n<\/figure>\n\n\n\n<p>A ilumina\u00e7\u00e3o \u00e9 discreta e aconchegante. O espet\u00e1culo noturno vem mesmo da luz da lua e das estrelas &#8211; n\u00e3o se v\u00ea luzes artificiais da vizinhan\u00e7a.<\/p>\n\n\n\n<figure class=\"wp-block-gallery aligncenter has-nested-images columns-default is-cropped wp-block-gallery-5 is-layout-flex wp-block-gallery-is-layout-flex\">\n<figure class=\"wp-block-image size-large\"><img decoding=\"async\" loading=\"lazy\" width=\"768\" height=\"1024\" data-id=\"557\" src=\"https:\/\/vilavolta.com.br\/wp-content\/uploads\/2023\/09\/20230907_141456-menor-768x1024.jpg\" alt=\"\" class=\"wp-image-557\" srcset=\"https:\/\/vilavolta.com.br\/wp-content\/uploads\/2023\/09\/20230907_141456-menor-768x1024.jpg 768w, https:\/\/vilavolta.com.br\/wp-content\/uploads\/2023\/09\/20230907_141456-menor-225x300.jpg 225w, https:\/\/vilavolta.com.br\/wp-content\/uploads\/2023\/09\/20230907_141456-menor.jpg 825w\" sizes=\"(max-width: 768px) 100vw, 768px\" \/><\/figure>\n\n\n\n<figure class=\"wp-block-image size-large\"><img decoding=\"async\" loading=\"lazy\" width=\"1024\" height=\"768\" data-id=\"122\" src=\"https:\/\/vilavolta.com.br\/wp-content\/uploads\/2023\/08\/image.jpeg\" alt=\"\" class=\"wp-image-122\" srcset=\"https:\/\/vilavolta.com.br\/wp-content\/uploads\/2023\/08\/image.jpeg 1024w, https:\/\/vilavolta.com.br\/wp-content\/uploads\/2023\/08\/image-300x225.jpeg 300w, https:\/\/vilavolta.com.br\/wp-content\/uploads\/2023\/08\/image-768x576.jpeg 768w\" sizes=\"(max-width: 1024px) 100vw, 1024px\" \/><\/figure>\n<\/figure>\n\n\n\n<p>As refei\u00e7\u00f5es s\u00e3o especialmente preparadas pelos pr\u00f3prios donos, sempre criando novos pratos. Verduras, legumes e PANCs s\u00e3o colhidos ali mesmo, da horta que n\u00e3o usa agrot\u00f3xicos. Se voc\u00ea n\u00e3o est\u00e1 a fim de acordar cedo, n\u00e3o se preocupe &#8211; n\u00e3o tem hora para acabar o caf\u00e9 da manh\u00e3.<\/p>\n\n\n\n<p>Voc\u00ea tamb\u00e9m pode sair do s\u00edtio e fazer trilhas ecol\u00f3gicas, praticar mergulho ou ainda passear de carro ou de barco, visitando as vilas hist\u00f3ricas de Paraty e Paraty-Mirim, o ex-quilombo Campinho da Independ\u00eancia ,&nbsp;as centenas de praias e as 65 ilhas do munic\u00edpio, al\u00e9m do Saco do Mamangu\u00e1 e de Trindade.<\/p>\n\n\n\n<figure class=\"wp-block-gallery has-nested-images columns-default is-cropped wp-block-gallery-7 is-layout-flex wp-block-gallery-is-layout-flex\">\n<figure class=\"wp-block-image size-large\"><img decoding=\"async\" loading=\"lazy\" width=\"1024\" height=\"593\" data-id=\"512\" src=\"https:\/\/vilavolta.com.br\/wp-content\/uploads\/2023\/09\/20230726_065721-1024x593.jpg\" alt=\"\" class=\"wp-image-512\" srcset=\"https:\/\/vilavolta.com.br\/wp-content\/uploads\/2023\/09\/20230726_065721-1024x593.jpg 1024w, https:\/\/vilavolta.com.br\/wp-content\/uploads\/2023\/09\/20230726_065721-300x174.jpg 300w, https:\/\/vilavolta.com.br\/wp-content\/uploads\/2023\/09\/20230726_065721-768x445.jpg 768w, https:\/\/vilavolta.com.br\/wp-content\/uploads\/2023\/09\/20230726_065721-1536x889.jpg 1536w, https:\/\/vilavolta.com.br\/wp-content\/uploads\/2023\/09\/20230726_065721-2048x1185.jpg 2048w\" sizes=\"(max-width: 1024px) 100vw, 1024px\" \/><\/figure>\n\n\n\n<figure class=\"wp-block-image size-large\"><img decoding=\"async\" loading=\"lazy\" width=\"1024\" height=\"768\" data-id=\"509\" src=\"https:\/\/vilavolta.com.br\/wp-content\/uploads\/2023\/09\/20220621_175217-1024x768.jpg\" alt=\"\" class=\"wp-image-509\" srcset=\"https:\/\/vilavolta.com.br\/wp-content\/uploads\/2023\/09\/20220621_175217-1024x768.jpg 1024w, https:\/\/vilavolta.com.br\/wp-content\/uploads\/2023\/09\/20220621_175217-300x225.jpg 300w, https:\/\/vilavolta.com.br\/wp-content\/uploads\/2023\/09\/20220621_175217-768x576.jpg 768w, https:\/\/vilavolta.com.br\/wp-content\/uploads\/2023\/09\/20220621_175217-1536x1152.jpg 1536w, https:\/\/vilavolta.com.br\/wp-content\/uploads\/2023\/09\/20220621_175217-2048x1536.jpg 2048w\" sizes=\"(max-width: 1024px) 100vw, 1024px\" \/><\/figure>\n\n\n\n<figure class=\"wp-block-image size-large\"><img decoding=\"async\" loading=\"lazy\" width=\"1024\" height=\"599\" data-id=\"511\" src=\"https:\/\/vilavolta.com.br\/wp-content\/uploads\/2023\/09\/20230721_070446-1024x599.jpg\" alt=\"\" class=\"wp-image-511\" srcset=\"https:\/\/vilavolta.com.br\/wp-content\/uploads\/2023\/09\/20230721_070446-1024x599.jpg 1024w, https:\/\/vilavolta.com.br\/wp-content\/uploads\/2023\/09\/20230721_070446-300x175.jpg 300w, https:\/\/vilavolta.com.br\/wp-content\/uploads\/2023\/09\/20230721_070446-768x449.jpg 768w, https:\/\/vilavolta.com.br\/wp-content\/uploads\/2023\/09\/20230721_070446-1536x898.jpg 1536w, https:\/\/vilavolta.com.br\/wp-content\/uploads\/2023\/09\/20230721_070446-2048x1198.jpg 2048w, https:\/\/vilavolta.com.br\/wp-content\/uploads\/2023\/09\/20230721_070446-365x215.jpg 365w\" sizes=\"(max-width: 1024px) 100vw, 1024px\" \/><\/figure>\n\n\n\n<figure class=\"wp-block-image size-full\"><img decoding=\"async\" loading=\"lazy\" width=\"652\" height=\"425\" data-id=\"576\" src=\"https:\/\/vilavolta.com.br\/wp-content\/uploads\/2023\/09\/Passeios-Trilhas-4-A-sm.jpg\" alt=\"\" class=\"wp-image-576\" srcset=\"https:\/\/vilavolta.com.br\/wp-content\/uploads\/2023\/09\/Passeios-Trilhas-4-A-sm.jpg 652w, https:\/\/vilavolta.com.br\/wp-content\/uploads\/2023\/09\/Passeios-Trilhas-4-A-sm-300x196.jpg 300w\" sizes=\"(max-width: 652px) 100vw, 652px\" \/><\/figure>\n\n\n\n<figure class=\"wp-block-image size-full\"><img decoding=\"async\" loading=\"lazy\" width=\"652\" height=\"425\" data-id=\"577\" src=\"https:\/\/vilavolta.com.br\/wp-content\/uploads\/2023\/09\/Passeios-Trilhas-7-A-sm.jpg\" alt=\"\" class=\"wp-image-577\" srcset=\"https:\/\/vilavolta.com.br\/wp-content\/uploads\/2023\/09\/Passeios-Trilhas-7-A-sm.jpg 652w, https:\/\/vilavolta.com.br\/wp-content\/uploads\/2023\/09\/Passeios-Trilhas-7-A-sm-300x196.jpg 300w\" sizes=\"(max-width: 652px) 100vw, 652px\" \/><\/figure>\n\n\n\n<figure class=\"wp-block-image size-full\"><img decoding=\"async\" loading=\"lazy\" width=\"652\" height=\"425\" data-id=\"578\" src=\"https:\/\/vilavolta.com.br\/wp-content\/uploads\/2023\/09\/Passeios-Trilhas-8-A-sm.jpg\" alt=\"\" class=\"wp-image-578\" srcset=\"https:\/\/vilavolta.com.br\/wp-content\/uploads\/2023\/09\/Passeios-Trilhas-8-A-sm.jpg 652w, https:\/\/vilavolta.com.br\/wp-content\/uploads\/2023\/09\/Passeios-Trilhas-8-A-sm-300x196.jpg 300w\" sizes=\"(max-width: 652px) 100vw, 652px\" \/><\/figure>\n<\/figure>\n\n\n\n<p>Para facilitar as coisas com os estrangeiros, os propriet\u00e1rios s\u00e3o fluentes em ingl\u00eas, espanhol, alem\u00e3o e holand\u00eas.<\/p>\n","protected":false},"excerpt":{"rendered":"<p>Na Vila Volta voc\u00ea pode descansar numa rede ou embaixo de uma \u00e1rvore, bater longos papos, tomar sol ou um banho na piscina natural, fazer calmas refei\u00e7\u00f5es, caminhadas, conhecer o pomar. Ou s\u00f3 respirar e ouvir o canto dos p\u00e1ssaros e o barulhinho da \u00e1gua dos rios correndo. Ali\u00e1s, a \u00e1gua \u00e9 mesmo a \u00fanica [&hellip;]<\/p>\n","protected":false},"author":1,"featured_media":121,"parent":0,"menu_order":0,"comment_status":"closed","ping_status":"closed","template":"","meta":{"footnotes":""},"_links":{"self":[{"href":"https:\/\/vilavolta.com.br\/index.php\/wp-json\/wp\/v2\/pages\/117"}],"collection":[{"href":"https:\/\/vilavolta.com.br\/index.php\/wp-json\/wp\/v2\/pages"}],"about":[{"href":"https:\/\/vilavolta.com.br\/index.php\/wp-json\/wp\/v2\/types\/page"}],"author":[{"embeddable":true,"href":"https:\/\/vilavolta.com.br\/index.php\/wp-json\/wp\/v2\/users\/1"}],"replies":[{"embeddable":true,"href":"https:\/\/vilavolta.com.br\/index.php\/wp-json\/wp\/v2\/comments?post=117"}],"version-history":[{"count":10,"href":"https:\/\/vilavolta.com.br\/index.php\/wp-json\/wp\/v2\/pages\/117\/revisions"}],"predecessor-version":[{"id":656,"href":"https:\/\/vilavolta.com.br\/index.php\/wp-json\/wp\/v2\/pages\/117\/revisions\/656"}],"wp:featuredmedia":[{"embeddable":true,"href":"https:\/\/vilavolta.com.br\/index.php\/wp-json\/wp\/v2\/media\/121"}],"wp:attachment":[{"href":"https:\/\/vilavolta.com.br\/index.php\/wp-json\/wp\/v2\/media?parent=117"}],"curies":[{"name":"wp","href":"https:\/\/api.w.org\/{rel}","templated":true}]}}