{"id":124,"date":"2023-08-28T23:12:28","date_gmt":"2023-08-28T23:12:28","guid":{"rendered":"https:\/\/vilavolta.com.br\/?page_id=124"},"modified":"2023-09-14T20:03:38","modified_gmt":"2023-09-14T20:03:38","slug":"nossa-historia","status":"publish","type":"page","link":"https:\/\/vilavolta.com.br\/index.php\/nossa-historia\/","title":{"rendered":"Nossa Hist\u00f3ria"},"content":{"rendered":"\n<p>Na \u00faltima virada de s\u00e9culo decidimos virar nossas mesas, de ponta-cabe\u00e7a, de tr\u00e1s pra frente e no avesso. Empreendemos investindo em nossos outros profissionais que sab\u00edamos existir dentro de n\u00f3s mesmos.<\/p>\n\n\n\n<p>Continuamos muito ocupados como antes ? Nem tanto. Agora temos&nbsp;<strong><em>TEMPO<\/em><\/strong>&nbsp;para compartilhar nossas alegrias com amigos e h\u00f3spedes em intermin\u00e1veis bate-papos durante um caf\u00e9 da manh\u00e3, por exemplo.<\/p>\n\n\n\n<p>N\u00e3o estamos sob as ordens de um chefe e a m\u00eddia de massa nem chega por aqui para tentar nos manipular:&nbsp;<strong><em>AUTONOMIA<\/em><\/strong>.<\/p>\n\n\n\n<p>Nosso&nbsp;<strong><em>ESPA\u00c7O<\/em><\/strong>&nbsp;? Vivemos em uma \u00e1rea quase intocada de Mata Atl\u00e2ntica a qual respeitamos e cuidamos bem.<\/p>\n\n\n\n<p>A&nbsp;<strong><em>TRANQUILIDADE<\/em><\/strong>&nbsp;daqui nos d\u00e1 muito prazer. O sil\u00eancio s\u00f3 \u00e9 sutilmente quebrado pelos grilos, pelos p\u00e1ssaros, pelo som das \u00e1guas correntes, da chuva, de uma rajada forte de vento repentino&#8230; Podemos dizer que este \u00e9 um&nbsp;<strong><em>AMBIENTE SAUD\u00c1VEL<\/em><\/strong>.<\/p>\n\n\n\n<p>N\u00e3o estamos&nbsp;<strong><em>SEGUROS<\/em><\/strong>&nbsp;por muros altos, cercas el\u00e9tricas, alarmes, guaritas. Ainda nem colocamos um port\u00e3o aqui na entrada. \u00c9 que a vizinhan\u00e7a \u00e9 pac\u00edfica.<\/p>\n\n\n\n<p>Sabe uma outra ideia bacana ? Como optamos por n\u00e3o pagar juros absurdos a institui\u00e7\u00f5es financeiras e como nossos pais ricos n\u00e3o nos acompanharam nesta \u201cencarna\u00e7\u00e3o\u201d, a grana sempre foi&#8230; justa ! Por isto e por outras aptid\u00f5es, praticamos nossa&nbsp;<strong><em>CRIATIVIDADE<\/em><\/strong>&nbsp;constantemente.<\/p>\n\n\n\n<p>Isto tudo se completa e faz mais sentido quando voc\u00ea vem \u2013 ou volta \u2013 para\u00a0<strong><em>COMPARTILHAR<\/em><\/strong>\u00a0esta experi\u00eancia com a gente.<\/p>\n\n\n\n<figure class=\"wp-block-image aligncenter size-full is-resized\"><img decoding=\"async\" loading=\"lazy\" src=\"https:\/\/vilavolta.com.br\/wp-content\/uploads\/2023\/09\/arteLauro1.jpg\" alt=\"\" class=\"wp-image-528\" style=\"width:431px;height:329px\" width=\"431\" height=\"329\"\/><\/figure>\n","protected":false},"excerpt":{"rendered":"<p>Na \u00faltima virada de s\u00e9culo decidimos virar nossas mesas, de ponta-cabe\u00e7a, de tr\u00e1s pra frente e no avesso. Empreendemos investindo em nossos outros profissionais que sab\u00edamos existir dentro de n\u00f3s mesmos. Continuamos muito ocupados como antes ? Nem tanto. Agora temos&nbsp;TEMPO&nbsp;para compartilhar nossas alegrias com amigos e h\u00f3spedes em intermin\u00e1veis bate-papos durante um caf\u00e9 da [&hellip;]<\/p>\n","protected":false},"author":1,"featured_media":0,"parent":0,"menu_order":0,"comment_status":"closed","ping_status":"closed","template":"","meta":{"footnotes":""},"_links":{"self":[{"href":"https:\/\/vilavolta.com.br\/index.php\/wp-json\/wp\/v2\/pages\/124"}],"collection":[{"href":"https:\/\/vilavolta.com.br\/index.php\/wp-json\/wp\/v2\/pages"}],"about":[{"href":"https:\/\/vilavolta.com.br\/index.php\/wp-json\/wp\/v2\/types\/page"}],"author":[{"embeddable":true,"href":"https:\/\/vilavolta.com.br\/index.php\/wp-json\/wp\/v2\/users\/1"}],"replies":[{"embeddable":true,"href":"https:\/\/vilavolta.com.br\/index.php\/wp-json\/wp\/v2\/comments?post=124"}],"version-history":[{"count":3,"href":"https:\/\/vilavolta.com.br\/index.php\/wp-json\/wp\/v2\/pages\/124\/revisions"}],"predecessor-version":[{"id":529,"href":"https:\/\/vilavolta.com.br\/index.php\/wp-json\/wp\/v2\/pages\/124\/revisions\/529"}],"wp:attachment":[{"href":"https:\/\/vilavolta.com.br\/index.php\/wp-json\/wp\/v2\/media?parent=124"}],"curies":[{"name":"wp","href":"https:\/\/api.w.org\/{rel}","templated":true}]}}