{"id":136,"date":"2023-08-28T23:39:07","date_gmt":"2023-08-28T23:39:07","guid":{"rendered":"https:\/\/vilavolta.com.br\/?page_id=136"},"modified":"2023-09-18T17:05:06","modified_gmt":"2023-09-18T17:05:06","slug":"a-propriedade","status":"publish","type":"page","link":"https:\/\/vilavolta.com.br\/index.php\/a-propriedade\/","title":{"rendered":"A Propriedade"},"content":{"rendered":"\n<div class=\"wp-block-group has-global-padding is-layout-constrained wp-block-group-is-layout-constrained\">\n<p class=\"has-text-align-center\"><mark style=\"background-color:rgba(0, 0, 0, 0)\" class=\"has-inline-color has-primary-color\"><strong>PISCINA NATURAL<\/strong><\/mark><\/p>\n\n\n\n<p><strong>\u00c1gua corrente, limpa, pr\u00f3pria para banho.<\/strong><\/p>\n<\/div>\n\n\n\n<figure class=\"wp-block-gallery has-nested-images columns-default is-cropped wp-block-gallery-2 is-layout-flex wp-block-gallery-is-layout-flex\">\n<figure class=\"wp-block-image size-full\"><img decoding=\"async\" loading=\"lazy\" width=\"720\" height=\"540\" data-id=\"159\" src=\"https:\/\/vilavolta.com.br\/wp-content\/uploads\/2023\/08\/FB_IMG_1693414084721.jpg\" alt=\"\" class=\"wp-image-159\" srcset=\"https:\/\/vilavolta.com.br\/wp-content\/uploads\/2023\/08\/FB_IMG_1693414084721.jpg 720w, https:\/\/vilavolta.com.br\/wp-content\/uploads\/2023\/08\/FB_IMG_1693414084721-300x225.jpg 300w\" sizes=\"(max-width: 720px) 100vw, 720px\" \/><\/figure>\n\n\n\n<figure class=\"wp-block-image size-large\"><img decoding=\"async\" loading=\"lazy\" width=\"997\" height=\"459\" data-id=\"130\" src=\"https:\/\/vilavolta.com.br\/wp-content\/uploads\/2023\/08\/Piscina-Sauna-1-1-cut.jpg\" alt=\"\" class=\"wp-image-130\" srcset=\"https:\/\/vilavolta.com.br\/wp-content\/uploads\/2023\/08\/Piscina-Sauna-1-1-cut.jpg 997w, https:\/\/vilavolta.com.br\/wp-content\/uploads\/2023\/08\/Piscina-Sauna-1-1-cut-300x138.jpg 300w, https:\/\/vilavolta.com.br\/wp-content\/uploads\/2023\/08\/Piscina-Sauna-1-1-cut-768x354.jpg 768w\" sizes=\"(max-width: 997px) 100vw, 997px\" \/><\/figure>\n\n\n\n<figure class=\"wp-block-image size-full\"><img decoding=\"async\" loading=\"lazy\" width=\"900\" height=\"598\" data-id=\"153\" src=\"https:\/\/vilavolta.com.br\/wp-content\/uploads\/2023\/08\/DSC_0918-web.jpg\" alt=\"\" class=\"wp-image-153\" srcset=\"https:\/\/vilavolta.com.br\/wp-content\/uploads\/2023\/08\/DSC_0918-web.jpg 900w, https:\/\/vilavolta.com.br\/wp-content\/uploads\/2023\/08\/DSC_0918-web-300x199.jpg 300w, https:\/\/vilavolta.com.br\/wp-content\/uploads\/2023\/08\/DSC_0918-web-768x510.jpg 768w\" sizes=\"(max-width: 900px) 100vw, 900px\" \/><\/figure>\n\n\n\n<figure class=\"wp-block-image size-large\"><img decoding=\"async\" loading=\"lazy\" width=\"900\" height=\"598\" data-id=\"154\" src=\"https:\/\/vilavolta.com.br\/wp-content\/uploads\/2023\/08\/DSC_0921-web.jpg\" alt=\"\" class=\"wp-image-154\" srcset=\"https:\/\/vilavolta.com.br\/wp-content\/uploads\/2023\/08\/DSC_0921-web.jpg 900w, https:\/\/vilavolta.com.br\/wp-content\/uploads\/2023\/08\/DSC_0921-web-300x199.jpg 300w, https:\/\/vilavolta.com.br\/wp-content\/uploads\/2023\/08\/DSC_0921-web-768x510.jpg 768w\" sizes=\"(max-width: 900px) 100vw, 900px\" \/><\/figure>\n\n\n\n<figure class=\"wp-block-image size-large\"><img decoding=\"async\" loading=\"lazy\" width=\"720\" height=\"540\" data-id=\"537\" src=\"https:\/\/vilavolta.com.br\/wp-content\/uploads\/2023\/09\/FB_IMG_1694295404966.jpg\" alt=\"\" class=\"wp-image-537\" srcset=\"https:\/\/vilavolta.com.br\/wp-content\/uploads\/2023\/09\/FB_IMG_1694295404966.jpg 720w, https:\/\/vilavolta.com.br\/wp-content\/uploads\/2023\/09\/FB_IMG_1694295404966-300x225.jpg 300w\" sizes=\"(max-width: 720px) 100vw, 720px\" \/><\/figure>\n<\/figure>\n\n\n\n<p class=\"has-text-align-center\"><mark style=\"background-color:rgba(0, 0, 0, 0)\" class=\"has-inline-color has-primary-color\"><strong>HORTA<\/strong><\/mark><\/p>\n\n\n\n<p>Ervas, verduras e legumes cultivados sem agrot\u00f3xicos e utilizados em nossa cozinha.<\/p>\n\n\n\n<figure class=\"wp-block-gallery has-nested-images columns-default is-cropped wp-block-gallery-4 is-layout-flex wp-block-gallery-is-layout-flex\">\n<figure class=\"wp-block-image size-large\"><img decoding=\"async\" loading=\"lazy\" width=\"700\" height=\"465\" data-id=\"538\" src=\"https:\/\/vilavolta.com.br\/wp-content\/uploads\/2023\/09\/Horta-17.jpg\" alt=\"\" class=\"wp-image-538\" srcset=\"https:\/\/vilavolta.com.br\/wp-content\/uploads\/2023\/09\/Horta-17.jpg 700w, https:\/\/vilavolta.com.br\/wp-content\/uploads\/2023\/09\/Horta-17-300x199.jpg 300w\" sizes=\"(max-width: 700px) 100vw, 700px\" \/><\/figure>\n\n\n\n<figure class=\"wp-block-image aligncenter size-full\"><img decoding=\"async\" loading=\"lazy\" width=\"700\" height=\"465\" data-id=\"570\" src=\"https:\/\/vilavolta.com.br\/wp-content\/uploads\/2023\/09\/Horta-1-2.jpg\" alt=\"\" class=\"wp-image-570\" srcset=\"https:\/\/vilavolta.com.br\/wp-content\/uploads\/2023\/09\/Horta-1-2.jpg 700w, https:\/\/vilavolta.com.br\/wp-content\/uploads\/2023\/09\/Horta-1-2-300x199.jpg 300w\" sizes=\"(max-width: 700px) 100vw, 700px\" \/><\/figure>\n\n\n\n<figure class=\"wp-block-image size-large\"><img decoding=\"async\" loading=\"lazy\" width=\"700\" height=\"465\" data-id=\"544\" src=\"https:\/\/vilavolta.com.br\/wp-content\/uploads\/2023\/09\/Horta-16.jpg\" alt=\"\" class=\"wp-image-544\" srcset=\"https:\/\/vilavolta.com.br\/wp-content\/uploads\/2023\/09\/Horta-16.jpg 700w, https:\/\/vilavolta.com.br\/wp-content\/uploads\/2023\/09\/Horta-16-300x199.jpg 300w\" sizes=\"(max-width: 700px) 100vw, 700px\" \/><\/figure>\n\n\n\n<figure class=\"wp-block-image size-large\"><img decoding=\"async\" loading=\"lazy\" width=\"465\" height=\"700\" data-id=\"540\" src=\"https:\/\/vilavolta.com.br\/wp-content\/uploads\/2023\/09\/Horta-2.jpg\" alt=\"\" class=\"wp-image-540\" srcset=\"https:\/\/vilavolta.com.br\/wp-content\/uploads\/2023\/09\/Horta-2.jpg 465w, https:\/\/vilavolta.com.br\/wp-content\/uploads\/2023\/09\/Horta-2-199x300.jpg 199w\" sizes=\"(max-width: 465px) 100vw, 465px\" \/><\/figure>\n\n\n\n<figure class=\"wp-block-image size-large\"><img decoding=\"async\" loading=\"lazy\" width=\"465\" height=\"700\" data-id=\"541\" src=\"https:\/\/vilavolta.com.br\/wp-content\/uploads\/2023\/09\/Horta-3.jpg\" alt=\"\" class=\"wp-image-541\" srcset=\"https:\/\/vilavolta.com.br\/wp-content\/uploads\/2023\/09\/Horta-3.jpg 465w, https:\/\/vilavolta.com.br\/wp-content\/uploads\/2023\/09\/Horta-3-199x300.jpg 199w\" sizes=\"(max-width: 465px) 100vw, 465px\" \/><\/figure>\n\n\n\n<figure class=\"wp-block-image size-large\"><img decoding=\"async\" loading=\"lazy\" width=\"465\" height=\"700\" data-id=\"542\" src=\"https:\/\/vilavolta.com.br\/wp-content\/uploads\/2023\/09\/Horta-7.jpg\" alt=\"\" class=\"wp-image-542\" srcset=\"https:\/\/vilavolta.com.br\/wp-content\/uploads\/2023\/09\/Horta-7.jpg 465w, https:\/\/vilavolta.com.br\/wp-content\/uploads\/2023\/09\/Horta-7-199x300.jpg 199w\" sizes=\"(max-width: 465px) 100vw, 465px\" \/><\/figure>\n<\/figure>\n\n\n\n<p class=\"has-text-align-center\"><mark style=\"background-color:rgba(0, 0, 0, 0)\" class=\"has-inline-color has-primary-color\"><strong>POMAR<\/strong><\/mark><\/p>\n\n\n\n<p>Bananas, pitangas, jaboticabas, cupua\u00e7us, lichias, lim\u00f5es, laranjas, ameixas, graviolas, jacas, amoras, frutas-p\u00e3es etc.  <\/p>\n\n\n\n<figure class=\"wp-block-gallery has-nested-images columns-default is-cropped wp-block-gallery-6 is-layout-flex wp-block-gallery-is-layout-flex\">\n<figure class=\"wp-block-image size-large\"><img decoding=\"async\" loading=\"lazy\" width=\"768\" height=\"1024\" data-id=\"545\" src=\"https:\/\/vilavolta.com.br\/wp-content\/uploads\/2023\/09\/20220503_151425-768x1024.jpg\" alt=\"\" class=\"wp-image-545\" srcset=\"https:\/\/vilavolta.com.br\/wp-content\/uploads\/2023\/09\/20220503_151425-768x1024.jpg 768w, https:\/\/vilavolta.com.br\/wp-content\/uploads\/2023\/09\/20220503_151425-225x300.jpg 225w, https:\/\/vilavolta.com.br\/wp-content\/uploads\/2023\/09\/20220503_151425-1152x1536.jpg 1152w, https:\/\/vilavolta.com.br\/wp-content\/uploads\/2023\/09\/20220503_151425-1536x2048.jpg 1536w, https:\/\/vilavolta.com.br\/wp-content\/uploads\/2023\/09\/20220503_151425-scaled.jpg 1920w\" sizes=\"(max-width: 768px) 100vw, 768px\" \/><\/figure>\n\n\n\n<figure class=\"wp-block-image size-large\"><img decoding=\"async\" loading=\"lazy\" width=\"813\" height=\"1024\" data-id=\"546\" src=\"https:\/\/vilavolta.com.br\/wp-content\/uploads\/2023\/09\/20230302_105520-813x1024.jpg\" alt=\"\" class=\"wp-image-546\" srcset=\"https:\/\/vilavolta.com.br\/wp-content\/uploads\/2023\/09\/20230302_105520-813x1024.jpg 813w, https:\/\/vilavolta.com.br\/wp-content\/uploads\/2023\/09\/20230302_105520-238x300.jpg 238w, https:\/\/vilavolta.com.br\/wp-content\/uploads\/2023\/09\/20230302_105520-768x967.jpg 768w, https:\/\/vilavolta.com.br\/wp-content\/uploads\/2023\/09\/20230302_105520-1219x1536.jpg 1219w, https:\/\/vilavolta.com.br\/wp-content\/uploads\/2023\/09\/20230302_105520.jpg 1409w\" sizes=\"(max-width: 813px) 100vw, 813px\" \/><\/figure>\n\n\n\n<figure class=\"wp-block-image size-full\"><img decoding=\"async\" loading=\"lazy\" width=\"624\" height=\"397\" data-id=\"569\" src=\"https:\/\/vilavolta.com.br\/wp-content\/uploads\/2023\/09\/Horta-12.jpg\" alt=\"\" class=\"wp-image-569\" srcset=\"https:\/\/vilavolta.com.br\/wp-content\/uploads\/2023\/09\/Horta-12.jpg 624w, https:\/\/vilavolta.com.br\/wp-content\/uploads\/2023\/09\/Horta-12-300x191.jpg 300w\" sizes=\"(max-width: 624px) 100vw, 624px\" \/><\/figure>\n\n\n\n<figure class=\"wp-block-image size-large\"><img decoding=\"async\" loading=\"lazy\" width=\"1024\" height=\"810\" data-id=\"564\" src=\"https:\/\/vilavolta.com.br\/wp-content\/uploads\/2023\/09\/20230915_121126-m-1024x810.jpg\" alt=\"\" class=\"wp-image-564\" srcset=\"https:\/\/vilavolta.com.br\/wp-content\/uploads\/2023\/09\/20230915_121126-m-1024x810.jpg 1024w, https:\/\/vilavolta.com.br\/wp-content\/uploads\/2023\/09\/20230915_121126-m-300x237.jpg 300w, https:\/\/vilavolta.com.br\/wp-content\/uploads\/2023\/09\/20230915_121126-m-768x607.jpg 768w, https:\/\/vilavolta.com.br\/wp-content\/uploads\/2023\/09\/20230915_121126-m.jpg 1100w\" sizes=\"(max-width: 1024px) 100vw, 1024px\" \/><\/figure>\n\n\n\n<figure class=\"wp-block-image size-large\"><img decoding=\"async\" loading=\"lazy\" width=\"1024\" height=\"768\" data-id=\"565\" src=\"https:\/\/vilavolta.com.br\/wp-content\/uploads\/2023\/09\/20230915_121621-m-1024x768.jpg\" alt=\"\" class=\"wp-image-565\" srcset=\"https:\/\/vilavolta.com.br\/wp-content\/uploads\/2023\/09\/20230915_121621-m-1024x768.jpg 1024w, https:\/\/vilavolta.com.br\/wp-content\/uploads\/2023\/09\/20230915_121621-m-300x225.jpg 300w, https:\/\/vilavolta.com.br\/wp-content\/uploads\/2023\/09\/20230915_121621-m-768x576.jpg 768w, https:\/\/vilavolta.com.br\/wp-content\/uploads\/2023\/09\/20230915_121621-m.jpg 1100w\" sizes=\"(max-width: 1024px) 100vw, 1024px\" \/><\/figure>\n\n\n\n<figure class=\"wp-block-image size-large\"><img decoding=\"async\" loading=\"lazy\" width=\"1024\" height=\"768\" data-id=\"566\" src=\"https:\/\/vilavolta.com.br\/wp-content\/uploads\/2023\/09\/20230915_121904-m-1024x768.jpg\" alt=\"\" class=\"wp-image-566\" srcset=\"https:\/\/vilavolta.com.br\/wp-content\/uploads\/2023\/09\/20230915_121904-m-1024x768.jpg 1024w, https:\/\/vilavolta.com.br\/wp-content\/uploads\/2023\/09\/20230915_121904-m-300x225.jpg 300w, https:\/\/vilavolta.com.br\/wp-content\/uploads\/2023\/09\/20230915_121904-m-768x576.jpg 768w, https:\/\/vilavolta.com.br\/wp-content\/uploads\/2023\/09\/20230915_121904-m.jpg 1100w\" sizes=\"(max-width: 1024px) 100vw, 1024px\" \/><\/figure>\n<\/figure>\n","protected":false},"excerpt":{"rendered":"<p>PISCINA NATURAL \u00c1gua corrente, limpa, pr\u00f3pria para banho. HORTA Ervas, verduras e legumes cultivados sem agrot\u00f3xicos e utilizados em nossa cozinha. POMAR Bananas, pitangas, jaboticabas, cupua\u00e7us, lichias, lim\u00f5es, laranjas, ameixas, graviolas, jacas, amoras, frutas-p\u00e3es etc.<\/p>\n","protected":false},"author":1,"featured_media":0,"parent":0,"menu_order":0,"comment_status":"closed","ping_status":"closed","template":"","meta":{"footnotes":""},"_links":{"self":[{"href":"https:\/\/vilavolta.com.br\/index.php\/wp-json\/wp\/v2\/pages\/136"}],"collection":[{"href":"https:\/\/vilavolta.com.br\/index.php\/wp-json\/wp\/v2\/pages"}],"about":[{"href":"https:\/\/vilavolta.com.br\/index.php\/wp-json\/wp\/v2\/types\/page"}],"author":[{"embeddable":true,"href":"https:\/\/vilavolta.com.br\/index.php\/wp-json\/wp\/v2\/users\/1"}],"replies":[{"embeddable":true,"href":"https:\/\/vilavolta.com.br\/index.php\/wp-json\/wp\/v2\/comments?post=136"}],"version-history":[{"count":9,"href":"https:\/\/vilavolta.com.br\/index.php\/wp-json\/wp\/v2\/pages\/136\/revisions"}],"predecessor-version":[{"id":572,"href":"https:\/\/vilavolta.com.br\/index.php\/wp-json\/wp\/v2\/pages\/136\/revisions\/572"}],"wp:attachment":[{"href":"https:\/\/vilavolta.com.br\/index.php\/wp-json\/wp\/v2\/media?parent=136"}],"curies":[{"name":"wp","href":"https:\/\/api.w.org\/{rel}","templated":true}]}}