{"id":277,"date":"2023-09-02T21:34:25","date_gmt":"2023-09-02T21:34:25","guid":{"rendered":"https:\/\/vilavolta.com.br\/?page_id=277"},"modified":"2023-11-10T14:33:40","modified_gmt":"2023-11-10T14:33:40","slug":"onde-estamos","status":"publish","type":"page","link":"https:\/\/vilavolta.com.br\/index.php\/onde-estamos\/","title":{"rendered":"Onde estamos"},"content":{"rendered":"\n<p>Estamos localizados no bairro de Pedras Azuis, no munic\u00edpio de Paraty, litoral sul do estado do Rio de Janeiro.<\/p>\n\n\n\n<figure class=\"wp-block-image aligncenter size-full\"><img decoding=\"async\" loading=\"lazy\" width=\"790\" height=\"490\" src=\"https:\/\/vilavolta.com.br\/wp-content\/uploads\/2023\/11\/Ondestamos.jpg\" alt=\"\" class=\"wp-image-608\" srcset=\"https:\/\/vilavolta.com.br\/wp-content\/uploads\/2023\/11\/Ondestamos.jpg 790w, https:\/\/vilavolta.com.br\/wp-content\/uploads\/2023\/11\/Ondestamos-300x186.jpg 300w, https:\/\/vilavolta.com.br\/wp-content\/uploads\/2023\/11\/Ondestamos-768x476.jpg 768w\" sizes=\"(max-width: 790px) 100vw, 790px\" \/><\/figure>\n\n\n\n<p><a href=\"http:\/\/maps.google.com.br\/maps\/ms?hl=pt-br&amp;ie=UTF8&amp;msa=0&amp;ll=-23.282902,-44.651442&amp;spn=0.026806,0.0842&amp;t=h&amp;z=14&amp;msid=204258146733589630418.00049b29d428649d4ded7\">clique aqui para ver no Google Maps<\/a><\/p>\n\n\n\n<p>Coordenadas :&nbsp;<strong><em>-23.283769,-44.682269<\/em><\/strong><\/p>\n\n\n\n<figure class=\"wp-block-image size-full\"><img decoding=\"async\" loading=\"lazy\" width=\"654\" height=\"362\" src=\"https:\/\/vilavolta.com.br\/wp-content\/uploads\/2023\/09\/Ondestamos-2-A.jpg\" alt=\"\" class=\"wp-image-279\" srcset=\"https:\/\/vilavolta.com.br\/wp-content\/uploads\/2023\/09\/Ondestamos-2-A.jpg 654w, https:\/\/vilavolta.com.br\/wp-content\/uploads\/2023\/09\/Ondestamos-2-A-300x166.jpg 300w\" sizes=\"(max-width: 654px) 100vw, 654px\" \/><\/figure>\n\n\n\n<p class=\"has-text-align-center\"><strong><mark style=\"background-color:rgba(0, 0, 0, 0)\" class=\"has-inline-color has-primary-color\">COMO CHEGAR<\/mark><\/strong><\/p>\n\n\n\n<p><strong>De carro a partir de S\u00e3o Paulo&nbsp; (aproximadamente 300 kms e 4 horas de viagem)<\/strong><\/p>\n\n\n\n<p>H\u00e1 3 op\u00e7\u00f5es<em>:<\/em><\/p>\n\n\n\n<ul>\n<li><em>Trajeto I<\/em>: Rodovia Dutra ou Ayrton Senna\/Carvalho Pinto* at\u00e9 S\u00e3o Jos\u00e9 dos Campos. Depois, Rodovia Tamoios at\u00e9 Caraguatatuba e, por fim,&nbsp;BR-101 (Rio-Santos) at\u00e9 Paraty, passando por Ubatuba.<\/li>\n<\/ul>\n\n\n\n<p>Obs.: Apesar de ser poss\u00edvel apreciar a maior faixa do litoral, este \u00e9 o trajeto mais lento, principalmente entre Caraguatatuba e Ubatuba.<\/p>\n\n\n\n<ul>\n<li><em>Trajeto II<\/em>: Rodovia Dutra ou Ayrton Senna\/Carvalho Pinto* at\u00e9 Taubat\u00e9. Depois, Rodovia Osvaldo Cruz at\u00e9 Ubatuba e, por fim, BR-101 (Rio-Santos) at\u00e9 Paraty.<\/li>\n<\/ul>\n\n\n\n<p>Obs.: Requer bastante aten\u00e7\u00e3o e cuidado do motorista nas curvas muito fechadas da Serra. Mas s\u00e3o apenas 7 kms deste belo trecho da Serra do Mar.<\/p>\n\n\n\n<ul>\n<li><em>Trajeto III<\/em>: Rodovia Dutra ou Ayrton Senna\/Carvalho Pinto* at\u00e9 Guaratinguet\u00e1. Depois, seguir no sentido Cunha e, ap\u00f3s Cunha,&nbsp;continuar no&nbsp;sentido Paraty. Chegando em Paraty, seguir 10 kms na BR-101 no sentido Ubatuba.<\/li>\n<\/ul>\n\n\n\n<p>Obs.: Este \u00e9 o trajeto mais curto. Parte da estrada Paraty-Cunha &nbsp;(9 kms) foi pavimentado recentemente e est\u00e1 em boas condi\u00e7\u00f5es. \u00c9 justamente neste trecho da Serra da Bocaina onde, dependendo da visibilidade, pode-se avistar toda a Ba\u00eda de Paraty.<\/p>\n\n\n\n<p><strong>De \u00f4nibus a partir de S\u00e3o Paulo.<\/strong><\/p>\n\n\n\n<p>A \u00fanica empresa que faz esta viagem chama-se Reunidas Paulista.&nbsp;&nbsp;<a href=\"http:\/\/www.reunidaspaulista.com.br\/\">Clique aqui para acessar o &#8216;site&#8217;.<\/a><\/p>\n\n\n\n<p>*&nbsp;<em>A Rodovia Ayrton Senna troca de nome para Carvalho Pinto entre S\u00e3o Paulo e S\u00e3o Jos\u00e9 dos Campos.<\/em><\/p>\n\n\n\n<p><strong>De carro a partir do Rio de Janeiro&nbsp; (aproximadamente 250 kms e 3,5 horas de viagem)<\/strong><\/p>\n\n\n\n<p>BR-101 em dire\u00e7\u00e3o ao litoral sul do Estado do RJ (Costa Verde) passando por Itagua\u00ed, Mangaratiba e Angra dos Reis. Chegando em Paraty, seguir mais 10 kms na BR-101, sentido Ubatuba.<\/p>\n\n\n\n<p><strong>De \u00f4nibus a partir do Rio de Janeiro.<\/strong> A \u00fanica empresa que faz esta viagem chama-se Costa Verde.&nbsp;&nbsp;<a href=\"http:\/\/www.costaverdetransportes.com.br\/\">Clique aqui para acessar o &#8216;site&#8217;.<\/a><\/p>\n","protected":false},"excerpt":{"rendered":"<p>Estamos localizados no bairro de Pedras Azuis, no munic\u00edpio de Paraty, litoral sul do estado do Rio de Janeiro. clique aqui para ver no Google Maps Coordenadas :&nbsp;-23.283769,-44.682269 COMO CHEGAR De carro a partir de S\u00e3o Paulo&nbsp; (aproximadamente 300 kms e 4 horas de viagem) H\u00e1 3 op\u00e7\u00f5es: Obs.: Apesar de ser poss\u00edvel apreciar a [&hellip;]<\/p>\n","protected":false},"author":1,"featured_media":0,"parent":0,"menu_order":0,"comment_status":"closed","ping_status":"closed","template":"","meta":{"footnotes":""},"_links":{"self":[{"href":"https:\/\/vilavolta.com.br\/index.php\/wp-json\/wp\/v2\/pages\/277"}],"collection":[{"href":"https:\/\/vilavolta.com.br\/index.php\/wp-json\/wp\/v2\/pages"}],"about":[{"href":"https:\/\/vilavolta.com.br\/index.php\/wp-json\/wp\/v2\/types\/page"}],"author":[{"embeddable":true,"href":"https:\/\/vilavolta.com.br\/index.php\/wp-json\/wp\/v2\/users\/1"}],"replies":[{"embeddable":true,"href":"https:\/\/vilavolta.com.br\/index.php\/wp-json\/wp\/v2\/comments?post=277"}],"version-history":[{"count":4,"href":"https:\/\/vilavolta.com.br\/index.php\/wp-json\/wp\/v2\/pages\/277\/revisions"}],"predecessor-version":[{"id":609,"href":"https:\/\/vilavolta.com.br\/index.php\/wp-json\/wp\/v2\/pages\/277\/revisions\/609"}],"wp:attachment":[{"href":"https:\/\/vilavolta.com.br\/index.php\/wp-json\/wp\/v2\/media?parent=277"}],"curies":[{"name":"wp","href":"https:\/\/api.w.org\/{rel}","templated":true}]}}