{"id":285,"date":"2023-09-02T22:46:24","date_gmt":"2023-09-02T22:46:24","guid":{"rendered":"https:\/\/vilavolta.com.br\/?page_id=285"},"modified":"2023-11-11T13:27:08","modified_gmt":"2023-11-11T13:27:08","slug":"culinaria","status":"publish","type":"page","link":"https:\/\/vilavolta.com.br\/index.php\/culinaria\/","title":{"rendered":"Culin\u00e1ria"},"content":{"rendered":"\n<p>Come\u00e7amos logo cedo, preparando nossos pr\u00f3prios p\u00e3es para o caf\u00e9 da manh\u00e3.<\/p>\n\n\n\n<p>Depois, a pedido dos h\u00f3spedes, v\u00eam as refei\u00e7\u00f5es completas, os lanches, as saladas, as sopas etc.<\/p>\n\n\n\n<p>Dus, holand\u00eas, um dos propriet\u00e1rios e cozinheiro da casa, viveu no seu pa\u00eds de origem por mais de 30 anos, onde logo cedo come\u00e7ou seus experimentos na cozinha.<\/p>\n\n\n\n<figure class=\"wp-block-image aligncenter size-large is-resized\"><img decoding=\"async\" loading=\"lazy\" width=\"1024\" height=\"768\" src=\"https:\/\/vilavolta.com.br\/wp-content\/uploads\/2023\/09\/IMG-20230319-WA0017-1024x768.jpg\" alt=\"\" class=\"wp-image-291\" style=\"width:340px;height:255px\" srcset=\"https:\/\/vilavolta.com.br\/wp-content\/uploads\/2023\/09\/IMG-20230319-WA0017-1024x768.jpg 1024w, https:\/\/vilavolta.com.br\/wp-content\/uploads\/2023\/09\/IMG-20230319-WA0017-300x225.jpg 300w, https:\/\/vilavolta.com.br\/wp-content\/uploads\/2023\/09\/IMG-20230319-WA0017-768x576.jpg 768w, https:\/\/vilavolta.com.br\/wp-content\/uploads\/2023\/09\/IMG-20230319-WA0017-1536x1152.jpg 1536w, https:\/\/vilavolta.com.br\/wp-content\/uploads\/2023\/09\/IMG-20230319-WA0017.jpg 2048w\" sizes=\"(max-width: 1024px) 100vw, 1024px\" \/><\/figure>\n\n\n\n<p>Foi desenvolvendo seu estilo com muita originalidade baseado na tradicional culin\u00e1ria holandesa, pouco encontrada nos restaurantes de l\u00e1, e sob forte influ\u00eancia da ex\u00f3tica gastronomia indon\u00e9sia; o que se justifica pela sua paix\u00e3o por esta ex-col\u00f4nia holandesa, principalmente ap\u00f3s visit\u00e1-la.<\/p>\n\n\n\n<p>Vivendo em contato com a cozinha cai\u00e7ara de Paraty j\u00e1 h\u00e1 alguns anos, Dus percebeu desde o come\u00e7o uma grande afinidade entre as duas cozinhas tropicais.<\/p>\n\n\n\n<p>O resultado \u00e9 o que se encontra no peculiar card\u00e1pio da Vila Volta : comidas t\u00edpicas holandesas, releituras da cozinha indon\u00e9sia e ingredientes 100% brasileiros.<\/p>\n\n\n\n<figure class=\"wp-block-image aligncenter size-full is-resized\"><img decoding=\"async\" loading=\"lazy\" width=\"700\" height=\"465\" src=\"https:\/\/vilavolta.com.br\/wp-content\/uploads\/2023\/09\/DSC_0138-A.jpg\" alt=\"\" class=\"wp-image-287\" style=\"width:366px;height:243px\" srcset=\"https:\/\/vilavolta.com.br\/wp-content\/uploads\/2023\/09\/DSC_0138-A.jpg 700w, https:\/\/vilavolta.com.br\/wp-content\/uploads\/2023\/09\/DSC_0138-A-300x199.jpg 300w\" sizes=\"(max-width: 700px) 100vw, 700px\" \/><\/figure>\n\n\n\n<p><em>Apresentamos aqui alguns itens do nosso card\u00e1pio<\/em>. <em>(consulte disponibilidade)<\/em><\/p>\n\n\n\n<p><strong>CAF\u00c9 DA MANH\u00c3<\/strong><\/p>\n\n\n\n<ul>\n<li>p\u00e3es caseiros, doces e salgados, assados no forno ou no vapor<\/li>\n\n\n\n<li>tapioca<\/li>\n\n\n\n<li>crepioca<\/li>\n\n\n\n<li>panqueca (com ou sem gl\u00faten)<\/li>\n\n\n\n<li>broa de fub\u00e1<\/li>\n\n\n\n<li>geleias caseiras<\/li>\n<\/ul>\n\n\n\n<figure class=\"wp-block-image aligncenter size-full is-resized\"><img decoding=\"async\" loading=\"lazy\" width=\"700\" height=\"465\" src=\"https:\/\/vilavolta.com.br\/wp-content\/uploads\/2023\/09\/DSC_0137-A.jpg\" alt=\"\" class=\"wp-image-286\" style=\"width:386px;height:257px\" srcset=\"https:\/\/vilavolta.com.br\/wp-content\/uploads\/2023\/09\/DSC_0137-A.jpg 700w, https:\/\/vilavolta.com.br\/wp-content\/uploads\/2023\/09\/DSC_0137-A-300x199.jpg 300w\" sizes=\"(max-width: 700px) 100vw, 700px\" \/><\/figure>\n\n\n\n<p><strong>SALGADOS<\/strong><\/p>\n\n\n\n<ul>\n<li>pastel de repolho roxo e ma\u00e7\u00e3<\/li>\n\n\n\n<li>calzone individual (massa caseira)<\/li>\n\n\n\n<li>tortinha\/quiche com massa podre caseira<\/li>\n\n\n\n<li>risoto de cupua\u00e7u<\/li>\n\n\n\n<li>crepioca com banana<\/li>\n\n\n\n<li>carpaccio de ab\u00f3bora<\/li>\n\n\n\n<li>nugget de jaca<\/li>\n\n\n\n<li>rolinho de arroz recheado com frango (\u201clemper\u201d, indon\u00e9sio)<\/li>\n\n\n\n<li>pastel indon\u00e9sio (\u201cloempia\u201d)<\/li>\n\n\n\n<li>coquetel de camar\u00e3o<\/li>\n\n\n\n<li>trouxinha de peixe assada no vapor, na folha de bananeira (\u201cpepesan\u201d, indon\u00e9sio)<\/li>\n\n\n\n<li>sanduiche com p\u00e3o s\u00edrio (\u201cpita bread\u201d) caseiro<\/li>\n\n\n\n<li>isca de peixe crocante<\/li>\n\n\n\n<li>arroz frito com legumes vegetariano ou n\u00e3o (\u201cnasi goreng\u201d, indon\u00e9sio)<\/li>\n\n\n\n<li>bolinho de \u201cnasi goreng\u201d<\/li>\n\n\n\n<li>vinagretes de jaca, chuchu, melancia e mel\u00e3o<\/li>\n\n\n\n<li>cuscus paulista<\/li>\n\n\n\n<li>salada de pepino ou papaia verde (indon\u00e9sia)<\/li>\n\n\n\n<li>salada da casa (r\u00facula, serralha, tomate, lagarto e pi\u00f1ole)<\/li>\n\n\n\n<li>bolinho fritos sem gl\u00faten (recheios: frango, calabresa, carne, queijo, ervas&#8230;)<\/li>\n\n\n\n<li>cevice vegetariano (manga, chuchu e coentro do mato)<\/li>\n\n\n\n<li>tortilla<\/li>\n\n\n\n<li>massa com molho de gorgonzola<\/li>\n\n\n\n<li><em>Acompanhamentos para salgados<\/em>:\n<ul>\n<li>pesto de ora-pro-n\u00f3bis<\/li>\n\n\n\n<li>molho de amendoim<\/li>\n\n\n\n<li>pur\u00ea de ma\u00e7\u00e3 holand\u00eas (\u201cappelmoes\u201d)<\/li>\n\n\n\n<li>chutney de jaca<\/li>\n<\/ul>\n<\/li>\n<\/ul>\n\n\n\n<figure class=\"wp-block-gallery has-nested-images columns-default is-cropped wp-block-gallery-1 is-layout-flex wp-block-gallery-is-layout-flex\">\n<figure class=\"wp-block-image size-large\"><img decoding=\"async\" loading=\"lazy\" width=\"768\" height=\"1024\" data-id=\"289\" src=\"https:\/\/vilavolta.com.br\/wp-content\/uploads\/2023\/09\/20230429_132739-768x1024.jpg\" alt=\"\" class=\"wp-image-289\" srcset=\"https:\/\/vilavolta.com.br\/wp-content\/uploads\/2023\/09\/20230429_132739-768x1024.jpg 768w, https:\/\/vilavolta.com.br\/wp-content\/uploads\/2023\/09\/20230429_132739-225x300.jpg 225w, https:\/\/vilavolta.com.br\/wp-content\/uploads\/2023\/09\/20230429_132739-1152x1536.jpg 1152w, https:\/\/vilavolta.com.br\/wp-content\/uploads\/2023\/09\/20230429_132739-1536x2048.jpg 1536w, https:\/\/vilavolta.com.br\/wp-content\/uploads\/2023\/09\/20230429_132739-scaled.jpg 1920w\" sizes=\"(max-width: 768px) 100vw, 768px\" \/><\/figure>\n\n\n\n<figure class=\"wp-block-image size-large\"><img decoding=\"async\" loading=\"lazy\" width=\"718\" height=\"958\" data-id=\"459\" src=\"https:\/\/vilavolta.com.br\/wp-content\/uploads\/2023\/09\/FB_IMG_1694296478715.jpg\" alt=\"\" class=\"wp-image-459\" srcset=\"https:\/\/vilavolta.com.br\/wp-content\/uploads\/2023\/09\/FB_IMG_1694296478715.jpg 718w, https:\/\/vilavolta.com.br\/wp-content\/uploads\/2023\/09\/FB_IMG_1694296478715-225x300.jpg 225w\" sizes=\"(max-width: 718px) 100vw, 718px\" \/><\/figure>\n\n\n\n<figure class=\"wp-block-image size-large\"><img decoding=\"async\" loading=\"lazy\" width=\"719\" height=\"958\" data-id=\"458\" src=\"https:\/\/vilavolta.com.br\/wp-content\/uploads\/2023\/09\/FB_IMG_1694296473706.jpg\" alt=\"\" class=\"wp-image-458\" srcset=\"https:\/\/vilavolta.com.br\/wp-content\/uploads\/2023\/09\/FB_IMG_1694296473706.jpg 719w, https:\/\/vilavolta.com.br\/wp-content\/uploads\/2023\/09\/FB_IMG_1694296473706-225x300.jpg 225w\" sizes=\"(max-width: 719px) 100vw, 719px\" \/><\/figure>\n<\/figure>\n\n\n\n<p><strong>DOCES<\/strong><\/p>\n\n\n\n<ul>\n<li>tortinha com mousse de ab\u00f3bora ou de ma\u00e7\u00e3 (\u201cvlaai\u201d, holand\u00eas)<\/li>\n\n\n\n<li>crepioca com banana<\/li>\n\n\n\n<li>bombocado<\/li>\n\n\n\n<li>cookie de cupua\u00e7u<\/li>\n\n\n\n<li>cuscuz de tapioca<\/li>\n\n\n\n<li>bolo de banana zen (\u201czen\u201d gl\u00faten, \u201czen\u201d a\u00e7\u00facar e \u201czen\u201d lactose)<\/li>\n\n\n\n<li>torta paulista (com amendoim)<\/li>\n\n\n\n<li>sorvete de capim lim\u00e3o<\/li>\n\n\n\n<li>bolo de jaca<\/li>\n\n\n\n<li>risoto de cupua\u00e7u<\/li>\n<\/ul>\n\n\n\n<p>BEBIDAS<\/p>\n\n\n\n<ul>\n<li><em>N\u00e3o alco\u00f3licas<\/em>\n<ul>\n<li>refrigerante natural<\/li>\n\n\n\n<li>cooler de acerola<\/li>\n\n\n\n<li>com sagu (\u201ctjendol\u201d, indon\u00e9sio)<\/li>\n\n\n\n<li>caf\u00e9s (tamb\u00e9m gelado: caf\u00e9 granito)<\/li>\n\n\n\n<li>ch\u00e1s (quentes e frios)<\/li>\n\n\n\n<li>tchai<\/li>\n<\/ul>\n<\/li>\n\n\n\n<li><em>Alco\u00f3licas<\/em>\n<ul>\n<li>gin com frutas vermelhas<\/li>\n\n\n\n<li>caipirinha<\/li>\n\n\n\n<li>Jorge Amado<\/li>\n<\/ul>\n<\/li>\n<\/ul>\n\n\n\n<figure class=\"wp-block-gallery has-nested-images columns-default is-cropped wp-block-gallery-3 is-layout-flex wp-block-gallery-is-layout-flex\">\n<figure class=\"wp-block-image size-large\"><img decoding=\"async\" loading=\"lazy\" width=\"768\" height=\"1024\" data-id=\"290\" src=\"https:\/\/vilavolta.com.br\/wp-content\/uploads\/2023\/09\/IMG-20230101-WA0042-768x1024.jpg\" alt=\"\" class=\"wp-image-290\" srcset=\"https:\/\/vilavolta.com.br\/wp-content\/uploads\/2023\/09\/IMG-20230101-WA0042-768x1024.jpg 768w, https:\/\/vilavolta.com.br\/wp-content\/uploads\/2023\/09\/IMG-20230101-WA0042-225x300.jpg 225w, https:\/\/vilavolta.com.br\/wp-content\/uploads\/2023\/09\/IMG-20230101-WA0042-1152x1536.jpg 1152w, https:\/\/vilavolta.com.br\/wp-content\/uploads\/2023\/09\/IMG-20230101-WA0042.jpg 1200w\" sizes=\"(max-width: 768px) 100vw, 768px\" \/><\/figure>\n\n\n\n<figure class=\"wp-block-image size-large\"><img decoding=\"async\" loading=\"lazy\" width=\"872\" height=\"1024\" data-id=\"288\" src=\"https:\/\/vilavolta.com.br\/wp-content\/uploads\/2023\/09\/20230402_080521-872x1024.jpg\" alt=\"\" class=\"wp-image-288\" srcset=\"https:\/\/vilavolta.com.br\/wp-content\/uploads\/2023\/09\/20230402_080521-872x1024.jpg 872w, https:\/\/vilavolta.com.br\/wp-content\/uploads\/2023\/09\/20230402_080521-255x300.jpg 255w, https:\/\/vilavolta.com.br\/wp-content\/uploads\/2023\/09\/20230402_080521-768x902.jpg 768w, https:\/\/vilavolta.com.br\/wp-content\/uploads\/2023\/09\/20230402_080521-1308x1536.jpg 1308w, https:\/\/vilavolta.com.br\/wp-content\/uploads\/2023\/09\/20230402_080521-1744x2048.jpg 1744w\" sizes=\"(max-width: 872px) 100vw, 872px\" \/><\/figure>\n\n\n\n<figure class=\"wp-block-image size-large\"><img decoding=\"async\" loading=\"lazy\" width=\"719\" height=\"540\" data-id=\"460\" src=\"https:\/\/vilavolta.com.br\/wp-content\/uploads\/2023\/09\/FB_IMG_1694296590850.jpg\" alt=\"\" class=\"wp-image-460\" srcset=\"https:\/\/vilavolta.com.br\/wp-content\/uploads\/2023\/09\/FB_IMG_1694296590850.jpg 719w, https:\/\/vilavolta.com.br\/wp-content\/uploads\/2023\/09\/FB_IMG_1694296590850-300x225.jpg 300w\" sizes=\"(max-width: 719px) 100vw, 719px\" \/><\/figure>\n<\/figure>\n","protected":false},"excerpt":{"rendered":"<p>Come\u00e7amos logo cedo, preparando nossos pr\u00f3prios p\u00e3es para o caf\u00e9 da manh\u00e3. Depois, a pedido dos h\u00f3spedes, v\u00eam as refei\u00e7\u00f5es completas, os lanches, as saladas, as sopas etc. Dus, holand\u00eas, um dos propriet\u00e1rios e cozinheiro da casa, viveu no seu pa\u00eds de origem por mais de 30 anos, onde logo cedo come\u00e7ou seus experimentos na [&hellip;]<\/p>\n","protected":false},"author":1,"featured_media":0,"parent":0,"menu_order":0,"comment_status":"closed","ping_status":"closed","template":"","meta":{"footnotes":""},"_links":{"self":[{"href":"https:\/\/vilavolta.com.br\/index.php\/wp-json\/wp\/v2\/pages\/285"}],"collection":[{"href":"https:\/\/vilavolta.com.br\/index.php\/wp-json\/wp\/v2\/pages"}],"about":[{"href":"https:\/\/vilavolta.com.br\/index.php\/wp-json\/wp\/v2\/types\/page"}],"author":[{"embeddable":true,"href":"https:\/\/vilavolta.com.br\/index.php\/wp-json\/wp\/v2\/users\/1"}],"replies":[{"embeddable":true,"href":"https:\/\/vilavolta.com.br\/index.php\/wp-json\/wp\/v2\/comments?post=285"}],"version-history":[{"count":8,"href":"https:\/\/vilavolta.com.br\/index.php\/wp-json\/wp\/v2\/pages\/285\/revisions"}],"predecessor-version":[{"id":610,"href":"https:\/\/vilavolta.com.br\/index.php\/wp-json\/wp\/v2\/pages\/285\/revisions\/610"}],"wp:attachment":[{"href":"https:\/\/vilavolta.com.br\/index.php\/wp-json\/wp\/v2\/media?parent=285"}],"curies":[{"name":"wp","href":"https:\/\/api.w.org\/{rel}","templated":true}]}}