{"id":294,"date":"2023-09-02T23:00:07","date_gmt":"2023-09-02T23:00:07","guid":{"rendered":"https:\/\/vilavolta.com.br\/?page_id=294"},"modified":"2023-09-09T13:49:49","modified_gmt":"2023-09-09T13:49:49","slug":"onda","status":"publish","type":"page","link":"https:\/\/vilavolta.com.br\/index.php\/onda\/","title":{"rendered":"Onda"},"content":{"rendered":"\n<p>Este \u00e9 o nosso espa\u00e7o de multi-acolhimento, cultural, art\u00edstico, trabalho etc.<br>Obra \u00e0 qual nos dedicamos com muito empenho, criatividade, amor e ajudas essenciais de amigos, fam\u00edlia e volunt\u00e1rios. Muitas m\u00e3os colaborativas est\u00e3o aqui literalmente pois grande parte da (bio)constru\u00e7\u00e3o foi feita com adobe.<br>Na ONDA, acolhemos oficinas, cursos, apresenta\u00e7\u00f5es e resid\u00eancias art\u00edsticas, imers\u00f5es etc. <\/p>\n\n\n\n<p>Disponibilizamos equipamentos de audiovisual.<\/p>\n\n\n\n<p>Voc\u00ea que tem alguma ideia neste sentido, por favor entre em\u00a0contato pelo email vila_volta@hotmail.com<\/p>\n\n\n\n<figure class=\"wp-block-gallery has-nested-images columns-default is-cropped wp-block-gallery-1 is-layout-flex wp-block-gallery-is-layout-flex\">\n<figure class=\"wp-block-image size-large\"><img decoding=\"async\" loading=\"lazy\" width=\"900\" height=\"598\" data-id=\"303\" src=\"https:\/\/vilavolta.com.br\/wp-content\/uploads\/2023\/09\/DSC_0511.jpg\" alt=\"\" class=\"wp-image-303\" srcset=\"https:\/\/vilavolta.com.br\/wp-content\/uploads\/2023\/09\/DSC_0511.jpg 900w, https:\/\/vilavolta.com.br\/wp-content\/uploads\/2023\/09\/DSC_0511-300x199.jpg 300w, https:\/\/vilavolta.com.br\/wp-content\/uploads\/2023\/09\/DSC_0511-768x510.jpg 768w\" sizes=\"(max-width: 900px) 100vw, 900px\" \/><\/figure>\n\n\n\n<figure class=\"wp-block-image size-large\"><img decoding=\"async\" loading=\"lazy\" width=\"900\" height=\"598\" data-id=\"296\" src=\"https:\/\/vilavolta.com.br\/wp-content\/uploads\/2023\/09\/DSC_0486.jpg\" alt=\"\" class=\"wp-image-296\" srcset=\"https:\/\/vilavolta.com.br\/wp-content\/uploads\/2023\/09\/DSC_0486.jpg 900w, https:\/\/vilavolta.com.br\/wp-content\/uploads\/2023\/09\/DSC_0486-300x199.jpg 300w, https:\/\/vilavolta.com.br\/wp-content\/uploads\/2023\/09\/DSC_0486-768x510.jpg 768w\" sizes=\"(max-width: 900px) 100vw, 900px\" \/><\/figure>\n\n\n\n<figure class=\"wp-block-image size-large\"><img decoding=\"async\" loading=\"lazy\" width=\"900\" height=\"598\" data-id=\"297\" src=\"https:\/\/vilavolta.com.br\/wp-content\/uploads\/2023\/09\/DSC_0491.jpg\" alt=\"\" class=\"wp-image-297\" srcset=\"https:\/\/vilavolta.com.br\/wp-content\/uploads\/2023\/09\/DSC_0491.jpg 900w, https:\/\/vilavolta.com.br\/wp-content\/uploads\/2023\/09\/DSC_0491-300x199.jpg 300w, https:\/\/vilavolta.com.br\/wp-content\/uploads\/2023\/09\/DSC_0491-768x510.jpg 768w\" sizes=\"(max-width: 900px) 100vw, 900px\" \/><\/figure>\n\n\n\n<figure class=\"wp-block-image size-large\"><img decoding=\"async\" loading=\"lazy\" width=\"900\" height=\"598\" data-id=\"298\" src=\"https:\/\/vilavolta.com.br\/wp-content\/uploads\/2023\/09\/DSC_0494.jpg\" alt=\"\" class=\"wp-image-298\" srcset=\"https:\/\/vilavolta.com.br\/wp-content\/uploads\/2023\/09\/DSC_0494.jpg 900w, https:\/\/vilavolta.com.br\/wp-content\/uploads\/2023\/09\/DSC_0494-300x199.jpg 300w, https:\/\/vilavolta.com.br\/wp-content\/uploads\/2023\/09\/DSC_0494-768x510.jpg 768w\" sizes=\"(max-width: 900px) 100vw, 900px\" \/><\/figure>\n\n\n\n<figure class=\"wp-block-image size-large\"><img decoding=\"async\" loading=\"lazy\" width=\"598\" height=\"900\" data-id=\"299\" src=\"https:\/\/vilavolta.com.br\/wp-content\/uploads\/2023\/09\/DSC_0506.jpg\" alt=\"\" class=\"wp-image-299\" srcset=\"https:\/\/vilavolta.com.br\/wp-content\/uploads\/2023\/09\/DSC_0506.jpg 598w, https:\/\/vilavolta.com.br\/wp-content\/uploads\/2023\/09\/DSC_0506-199x300.jpg 199w\" sizes=\"(max-width: 598px) 100vw, 598px\" \/><\/figure>\n\n\n\n<figure class=\"wp-block-image size-large\"><img decoding=\"async\" loading=\"lazy\" width=\"900\" height=\"598\" data-id=\"300\" src=\"https:\/\/vilavolta.com.br\/wp-content\/uploads\/2023\/09\/DSC_0507.jpg\" alt=\"\" class=\"wp-image-300\" srcset=\"https:\/\/vilavolta.com.br\/wp-content\/uploads\/2023\/09\/DSC_0507.jpg 900w, https:\/\/vilavolta.com.br\/wp-content\/uploads\/2023\/09\/DSC_0507-300x199.jpg 300w, https:\/\/vilavolta.com.br\/wp-content\/uploads\/2023\/09\/DSC_0507-768x510.jpg 768w\" sizes=\"(max-width: 900px) 100vw, 900px\" \/><\/figure>\n\n\n\n<figure class=\"wp-block-image size-large\"><img decoding=\"async\" loading=\"lazy\" width=\"681\" height=\"1024\" data-id=\"301\" src=\"https:\/\/vilavolta.com.br\/wp-content\/uploads\/2023\/09\/DSC_0509-681x1024.jpg\" alt=\"\" class=\"wp-image-301\" srcset=\"https:\/\/vilavolta.com.br\/wp-content\/uploads\/2023\/09\/DSC_0509-681x1024.jpg 681w, https:\/\/vilavolta.com.br\/wp-content\/uploads\/2023\/09\/DSC_0509-199x300.jpg 199w, https:\/\/vilavolta.com.br\/wp-content\/uploads\/2023\/09\/DSC_0509-768x1155.jpg 768w, https:\/\/vilavolta.com.br\/wp-content\/uploads\/2023\/09\/DSC_0509-1021x1536.jpg 1021w, https:\/\/vilavolta.com.br\/wp-content\/uploads\/2023\/09\/DSC_0509-1362x2048.jpg 1362w, https:\/\/vilavolta.com.br\/wp-content\/uploads\/2023\/09\/DSC_0509-scaled.jpg 1702w\" sizes=\"(max-width: 681px) 100vw, 681px\" \/><\/figure>\n\n\n\n<figure class=\"wp-block-image size-large\"><img decoding=\"async\" loading=\"lazy\" width=\"900\" height=\"598\" data-id=\"302\" src=\"https:\/\/vilavolta.com.br\/wp-content\/uploads\/2023\/09\/DSC_0510.jpg\" alt=\"\" class=\"wp-image-302\" srcset=\"https:\/\/vilavolta.com.br\/wp-content\/uploads\/2023\/09\/DSC_0510.jpg 900w, https:\/\/vilavolta.com.br\/wp-content\/uploads\/2023\/09\/DSC_0510-300x199.jpg 300w, https:\/\/vilavolta.com.br\/wp-content\/uploads\/2023\/09\/DSC_0510-768x510.jpg 768w\" sizes=\"(max-width: 900px) 100vw, 900px\" \/><\/figure>\n\n\n\n<figure class=\"wp-block-image size-large\"><img decoding=\"async\" loading=\"lazy\" width=\"598\" height=\"900\" data-id=\"304\" src=\"https:\/\/vilavolta.com.br\/wp-content\/uploads\/2023\/09\/DSC_0515.jpg\" alt=\"\" class=\"wp-image-304\" srcset=\"https:\/\/vilavolta.com.br\/wp-content\/uploads\/2023\/09\/DSC_0515.jpg 598w, https:\/\/vilavolta.com.br\/wp-content\/uploads\/2023\/09\/DSC_0515-199x300.jpg 199w\" sizes=\"(max-width: 598px) 100vw, 598px\" \/><\/figure>\n\n\n\n<figure class=\"wp-block-image size-large\"><img decoding=\"async\" loading=\"lazy\" width=\"500\" height=\"375\" data-id=\"60\" src=\"https:\/\/vilavolta.com.br\/wp-content\/uploads\/2023\/08\/DSC_0512-cut.jpg\" alt=\"\" class=\"wp-image-60\" srcset=\"https:\/\/vilavolta.com.br\/wp-content\/uploads\/2023\/08\/DSC_0512-cut.jpg 500w, https:\/\/vilavolta.com.br\/wp-content\/uploads\/2023\/08\/DSC_0512-cut-300x225.jpg 300w\" sizes=\"(max-width: 500px) 100vw, 500px\" \/><\/figure>\n\n\n\n<figure class=\"wp-block-image size-large\"><img decoding=\"async\" loading=\"lazy\" width=\"598\" height=\"900\" data-id=\"449\" src=\"https:\/\/vilavolta.com.br\/wp-content\/uploads\/2023\/09\/DSC_0483.jpg\" alt=\"\" class=\"wp-image-449\" srcset=\"https:\/\/vilavolta.com.br\/wp-content\/uploads\/2023\/09\/DSC_0483.jpg 598w, https:\/\/vilavolta.com.br\/wp-content\/uploads\/2023\/09\/DSC_0483-199x300.jpg 199w\" sizes=\"(max-width: 598px) 100vw, 598px\" \/><\/figure>\n\n\n\n<figure class=\"wp-block-image size-large\"><img decoding=\"async\" loading=\"lazy\" width=\"598\" height=\"900\" data-id=\"295\" src=\"https:\/\/vilavolta.com.br\/wp-content\/uploads\/2023\/09\/DSC_0475.jpg\" alt=\"\" class=\"wp-image-295\" srcset=\"https:\/\/vilavolta.com.br\/wp-content\/uploads\/2023\/09\/DSC_0475.jpg 598w, https:\/\/vilavolta.com.br\/wp-content\/uploads\/2023\/09\/DSC_0475-199x300.jpg 199w\" sizes=\"(max-width: 598px) 100vw, 598px\" \/><\/figure>\n<\/figure>\n\n\n\n<p>\u201cA Onda \u00e9 formada por um dos quatro elementos essencias da natureza: a \u00e1gua. Gerada por algum tipo de perturba\u00e7\u00e3o f\u00edsica, a Onda provoca um desequil\u00edbrio na superf\u00edcie dos oceanos e dos rios, fazendo com que a \u00e1gua de movimente. Assim, a Onda simboliza a for\u00e7a incontrol\u00e1vel da natureza que provoca agita\u00e7\u00e3o e mudan\u00e7as.<br>Em outras palavras, a Onda simboliza a pot\u00eancia da natureza, poder, mudan\u00e7a e tamb\u00e9m renova\u00e7\u00e3o devido a uma ruptura e mudan\u00e7a de ideias, de comportamento e de atitudes.\u201d<\/p>\n","protected":false},"excerpt":{"rendered":"<p>Este \u00e9 o nosso espa\u00e7o de multi-acolhimento, cultural, art\u00edstico, trabalho etc.Obra \u00e0 qual nos dedicamos com muito empenho, criatividade, amor e ajudas essenciais de amigos, fam\u00edlia e volunt\u00e1rios. Muitas m\u00e3os colaborativas est\u00e3o aqui literalmente pois grande parte da (bio)constru\u00e7\u00e3o foi feita com adobe.Na ONDA, acolhemos oficinas, cursos, apresenta\u00e7\u00f5es e resid\u00eancias art\u00edsticas, imers\u00f5es etc. Disponibilizamos equipamentos [&hellip;]<\/p>\n","protected":false},"author":1,"featured_media":0,"parent":0,"menu_order":0,"comment_status":"closed","ping_status":"closed","template":"","meta":{"footnotes":""},"_links":{"self":[{"href":"https:\/\/vilavolta.com.br\/index.php\/wp-json\/wp\/v2\/pages\/294"}],"collection":[{"href":"https:\/\/vilavolta.com.br\/index.php\/wp-json\/wp\/v2\/pages"}],"about":[{"href":"https:\/\/vilavolta.com.br\/index.php\/wp-json\/wp\/v2\/types\/page"}],"author":[{"embeddable":true,"href":"https:\/\/vilavolta.com.br\/index.php\/wp-json\/wp\/v2\/users\/1"}],"replies":[{"embeddable":true,"href":"https:\/\/vilavolta.com.br\/index.php\/wp-json\/wp\/v2\/comments?post=294"}],"version-history":[{"count":2,"href":"https:\/\/vilavolta.com.br\/index.php\/wp-json\/wp\/v2\/pages\/294\/revisions"}],"predecessor-version":[{"id":450,"href":"https:\/\/vilavolta.com.br\/index.php\/wp-json\/wp\/v2\/pages\/294\/revisions\/450"}],"wp:attachment":[{"href":"https:\/\/vilavolta.com.br\/index.php\/wp-json\/wp\/v2\/media?parent=294"}],"curies":[{"name":"wp","href":"https:\/\/api.w.org\/{rel}","templated":true}]}}