{"id":315,"date":"2023-09-04T15:02:55","date_gmt":"2023-09-04T15:02:55","guid":{"rendered":"https:\/\/vilavolta.com.br\/?page_id=315"},"modified":"2023-09-16T15:41:35","modified_gmt":"2023-09-16T15:41:35","slug":"aulas-portugues","status":"publish","type":"page","link":"https:\/\/vilavolta.com.br\/index.php\/aulas-portugues\/","title":{"rendered":"Aulas portugu\u00eas"},"content":{"rendered":"\n<p>Se voc\u00ea quer aprender a l\u00edngua portuguesa falada no Brasil, a Vila Volta \u00e9 uma boa op\u00e7\u00e3o.<\/p>\n\n\n\n<p>Com professor brasileiro, voc\u00ea pode optar por:<\/p>\n\n\n\n<p>&#8211; somente aulas individuais ou em grupos de 3 pessoas, no m\u00e1ximo;<\/p>\n\n\n\n<p>&#8211; aulas com hospedagem;<\/p>\n\n\n\n<p>&#8211; aulas com hospedagem e alimenta\u00e7\u00e3o;<\/p>\n\n\n\n<p>&#8211; imers\u00e3o com hospedagem e\/ou alimenta\u00e7\u00e3o;<\/p>\n\n\n\n<p>&#8211; aulas e imers\u00e3o.<\/p>\n\n\n\n<p>Imers\u00e3o seria a pr\u00e1tica de conversa\u00e7\u00e3o em portugu\u00eas &#8211; n\u00e3o para iniciantes &#8211; durante toda a perman\u00eancia na Vila Volta. <\/p>\n\n\n\n<p>Escolha a melhor op\u00e7\u00e3o para voc\u00ea e solicite um or\u00e7amento informando o per\u00edodo desejado e a(s) l\u00edgua(s) que voc\u00ea fala.&nbsp;<a href=\"https:\/\/vilavolta.com.br\/index.php\/informacoes-e-reservas\/\" data-type=\"page\" data-id=\"327\">solicite aqui<\/a><\/p>\n\n\n\n<figure class=\"wp-block-image aligncenter size-large is-resized\"><img decoding=\"async\" loading=\"lazy\" src=\"https:\/\/vilavolta.com.br\/wp-content\/uploads\/2023\/09\/20230210_065030-cut-1024x539.jpg\" alt=\"\" class=\"wp-image-581\" style=\"width:640px;height:337px\" width=\"640\" height=\"337\" srcset=\"https:\/\/vilavolta.com.br\/wp-content\/uploads\/2023\/09\/20230210_065030-cut-1024x539.jpg 1024w, https:\/\/vilavolta.com.br\/wp-content\/uploads\/2023\/09\/20230210_065030-cut-300x158.jpg 300w, https:\/\/vilavolta.com.br\/wp-content\/uploads\/2023\/09\/20230210_065030-cut-768x404.jpg 768w, https:\/\/vilavolta.com.br\/wp-content\/uploads\/2023\/09\/20230210_065030-cut.jpg 1200w\" sizes=\"(max-width: 640px) 100vw, 640px\" \/><\/figure>\n","protected":false},"excerpt":{"rendered":"<p>Se voc\u00ea quer aprender a l\u00edngua portuguesa falada no Brasil, a Vila Volta \u00e9 uma boa op\u00e7\u00e3o. Com professor brasileiro, voc\u00ea pode optar por: &#8211; somente aulas individuais ou em grupos de 3 pessoas, no m\u00e1ximo; &#8211; aulas com hospedagem; &#8211; aulas com hospedagem e alimenta\u00e7\u00e3o; &#8211; imers\u00e3o com hospedagem e\/ou alimenta\u00e7\u00e3o; &#8211; aulas e [&hellip;]<\/p>\n","protected":false},"author":1,"featured_media":0,"parent":0,"menu_order":0,"comment_status":"closed","ping_status":"closed","template":"","meta":{"footnotes":""},"_links":{"self":[{"href":"https:\/\/vilavolta.com.br\/index.php\/wp-json\/wp\/v2\/pages\/315"}],"collection":[{"href":"https:\/\/vilavolta.com.br\/index.php\/wp-json\/wp\/v2\/pages"}],"about":[{"href":"https:\/\/vilavolta.com.br\/index.php\/wp-json\/wp\/v2\/types\/page"}],"author":[{"embeddable":true,"href":"https:\/\/vilavolta.com.br\/index.php\/wp-json\/wp\/v2\/users\/1"}],"replies":[{"embeddable":true,"href":"https:\/\/vilavolta.com.br\/index.php\/wp-json\/wp\/v2\/comments?post=315"}],"version-history":[{"count":3,"href":"https:\/\/vilavolta.com.br\/index.php\/wp-json\/wp\/v2\/pages\/315\/revisions"}],"predecessor-version":[{"id":582,"href":"https:\/\/vilavolta.com.br\/index.php\/wp-json\/wp\/v2\/pages\/315\/revisions\/582"}],"wp:attachment":[{"href":"https:\/\/vilavolta.com.br\/index.php\/wp-json\/wp\/v2\/media?parent=315"}],"curies":[{"name":"wp","href":"https:\/\/api.w.org\/{rel}","templated":true}]}}