{"id":86,"date":"2023-08-28T19:44:11","date_gmt":"2023-08-28T19:44:11","guid":{"rendered":"https:\/\/vilavolta.com.br\/?page_id=86"},"modified":"2025-04-04T02:05:33","modified_gmt":"2025-04-04T02:05:33","slug":"casa-azul","status":"publish","type":"page","link":"https:\/\/vilavolta.com.br\/index.php\/casa-azul\/","title":{"rendered":"Casa Azul"},"content":{"rendered":"\n<p>A Casa principal da Vila Volta.<\/p>\n\n\n\n<p>Possui&nbsp;cozinha, sala, varanda e pergolado no t\u00e9rreo.<\/p>\n\n\n\n<figure class=\"wp-block-image aligncenter size-full is-resized\"><img decoding=\"async\" loading=\"lazy\" width=\"720\" height=\"720\" src=\"https:\/\/vilavolta.com.br\/wp-content\/uploads\/2023\/08\/FB_IMG_1693415733789.jpg\" alt=\"\" class=\"wp-image-163\" style=\"width:426px;height:426px\" srcset=\"https:\/\/vilavolta.com.br\/wp-content\/uploads\/2023\/08\/FB_IMG_1693415733789.jpg 720w, https:\/\/vilavolta.com.br\/wp-content\/uploads\/2023\/08\/FB_IMG_1693415733789-300x300.jpg 300w, https:\/\/vilavolta.com.br\/wp-content\/uploads\/2023\/08\/FB_IMG_1693415733789-150x150.jpg 150w\" sizes=\"(max-width: 720px) 100vw, 720px\" \/><\/figure>\n\n\n\n<p>Possui wifi (fibra \u00f3ptica) gr\u00e1tis.<\/p>\n\n\n\n<figure class=\"wp-block-image aligncenter size-full is-resized\"><img decoding=\"async\" loading=\"lazy\" width=\"720\" height=\"540\" src=\"https:\/\/vilavolta.com.br\/wp-content\/uploads\/2023\/08\/FB_IMG_1693413188331.jpg\" alt=\"\" class=\"wp-image-161\" style=\"width:425px;height:319px\" srcset=\"https:\/\/vilavolta.com.br\/wp-content\/uploads\/2023\/08\/FB_IMG_1693413188331.jpg 720w, https:\/\/vilavolta.com.br\/wp-content\/uploads\/2023\/08\/FB_IMG_1693413188331-300x225.jpg 300w\" sizes=\"(max-width: 720px) 100vw, 720px\" \/><\/figure>\n","protected":false},"excerpt":{"rendered":"<p>A Casa principal da Vila Volta. Possui&nbsp;cozinha, sala, varanda e pergolado no t\u00e9rreo. Possui wifi (fibra \u00f3ptica) gr\u00e1tis.<\/p>\n","protected":false},"author":1,"featured_media":0,"parent":0,"menu_order":0,"comment_status":"closed","ping_status":"closed","template":"","meta":{"footnotes":""},"_links":{"self":[{"href":"https:\/\/vilavolta.com.br\/index.php\/wp-json\/wp\/v2\/pages\/86"}],"collection":[{"href":"https:\/\/vilavolta.com.br\/index.php\/wp-json\/wp\/v2\/pages"}],"about":[{"href":"https:\/\/vilavolta.com.br\/index.php\/wp-json\/wp\/v2\/types\/page"}],"author":[{"embeddable":true,"href":"https:\/\/vilavolta.com.br\/index.php\/wp-json\/wp\/v2\/users\/1"}],"replies":[{"embeddable":true,"href":"https:\/\/vilavolta.com.br\/index.php\/wp-json\/wp\/v2\/comments?post=86"}],"version-history":[{"count":13,"href":"https:\/\/vilavolta.com.br\/index.php\/wp-json\/wp\/v2\/pages\/86\/revisions"}],"predecessor-version":[{"id":654,"href":"https:\/\/vilavolta.com.br\/index.php\/wp-json\/wp\/v2\/pages\/86\/revisions\/654"}],"wp:attachment":[{"href":"https:\/\/vilavolta.com.br\/index.php\/wp-json\/wp\/v2\/media?parent=86"}],"curies":[{"name":"wp","href":"https:\/\/api.w.org\/{rel}","templated":true}]}}